{"id":34035,"date":"2025-09-15T20:18:02","date_gmt":"2025-09-15T17:18:02","guid":{"rendered":"https:\/\/www.norde.com.tr\/?page_id=34035"},"modified":"2025-09-15T20:24:29","modified_gmt":"2025-09-15T17:24:29","slug":"berlin-tv-unit","status":"publish","type":"page","link":"https:\/\/www.norde.com.tr\/en\/products\/tv-units\/berlin-tv-unit\/","title":{"rendered":"BERLIN TV UNIT"},"content":{"rendered":"\t\t<div data-elementor-type=\"wp-page\" data-elementor-id=\"34035\" class=\"elementor elementor-34035\" data-elementor-post-type=\"page\">\n\t\t\t\t\t\t<section class=\"elementor-section elementor-top-section elementor-element elementor-element-8e48e0b elementor-section-height-min-height animated-slow elementor-section-boxed elementor-section-height-default elementor-section-items-middle\" data-id=\"8e48e0b\" data-element_type=\"section\" data-e-type=\"section\" data-settings=\"{&quot;background_background&quot;:&quot;classic&quot;,&quot;animation&quot;:&quot;none&quot;}\">\n\t\t\t\t\t\t\t<div class=\"elementor-background-overlay\"><\/div>\n\t\t\t\t\t\t\t<div class=\"elementor-container elementor-column-gap-default\">\n\t\t\t\t\t<div class=\"elementor-column elementor-col-100 elementor-top-column elementor-element elementor-element-26f9fb95\" data-id=\"26f9fb95\" data-element_type=\"column\" data-e-type=\"column\">\n\t\t\t<div class=\"elementor-widget-wrap elementor-element-populated\">\n\t\t\t\t\t\t<div class=\"elementor-element elementor-element-6573b149 elementor-widget elementor-widget-hub_fancy_heading\" data-id=\"6573b149\" data-element_type=\"widget\" data-e-type=\"widget\" data-widget_type=\"hub_fancy_heading.default\">\n\t\t\t\t<div class=\"elementor-widget-container\">\n\t\t\t\t\t\n\t\t<div id=\"ld-fancy-heading-69e65efee666d\" class=\"ld-fancy-heading pos-rel\">\n\t\t\t<h1 class=\"ld-fh-element d-inline-block pos-rel  elementor-heading-title lqd-highlight-classic lqd-highlight-grow-left h1\"  > BERLIN TV UNIT<\/h1>\t\t<\/div>\n\n\t\t\t\t\t\t<\/div>\n\t\t\t\t<\/div>\n\t\t\t\t\t<\/div>\n\t\t<\/div>\n\t\t\t\t\t<\/div>\n\t\t<\/section>\n\t\t\t\t<section class=\"elementor-section elementor-top-section elementor-element elementor-element-1f124c6f elementor-section-full_width elementor-section-height-default elementor-section-height-default\" data-id=\"1f124c6f\" data-element_type=\"section\" data-e-type=\"section\">\n\t\t\t\t\t\t<div class=\"elementor-container elementor-column-gap-default\">\n\t\t\t\t\t<div class=\"elementor-column elementor-col-100 elementor-top-column elementor-element elementor-element-7da77b6b\" data-id=\"7da77b6b\" data-element_type=\"column\" data-e-type=\"column\">\n\t\t\t<div class=\"elementor-widget-wrap elementor-element-populated\">\n\t\t\t\t\t\t<section class=\"elementor-section elementor-inner-section elementor-element elementor-element-7e4181a2 elementor-section-boxed elementor-section-height-default elementor-section-height-default\" data-id=\"7e4181a2\" data-element_type=\"section\" data-e-type=\"section\">\n\t\t\t\t\t\t<div class=\"elementor-container elementor-column-gap-default\">\n\t\t\t\t\t<div class=\"elementor-column elementor-col-100 elementor-inner-column elementor-element elementor-element-173a7bde\" data-id=\"173a7bde\" data-element_type=\"column\" data-e-type=\"column\">\n\t\t\t<div class=\"elementor-widget-wrap elementor-element-populated\">\n\t\t\t\t\t\t<div class=\"elementor-element elementor-element-3a6cddd2 elementor-widget elementor-widget-hub_fancy_heading\" data-id=\"3a6cddd2\" data-element_type=\"widget\" data-e-type=\"widget\" data-widget_type=\"hub_fancy_heading.default\">\n\t\t\t\t<div class=\"elementor-widget-container\">\n\t\t\t\t\t\n\t\t<div id=\"ld-fancy-heading-69e65efee6f59\" class=\"ld-fancy-heading pos-rel\">\n\t\t\t<h2 class=\"ld-fh-element d-inline-block pos-rel  elementor-heading-title lqd-highlight-classic lqd-highlight-grow-left h2\"  > BERLIN TV UNIT<\/h2>\t\t<\/div>\n\n\t\t\t\t\t\t<\/div>\n\t\t\t\t<\/div>\n\t\t\t\t<div class=\"elementor-element elementor-element-52d85fec elementor-widget elementor-widget-hub_fancy_heading\" data-id=\"52d85fec\" data-element_type=\"widget\" data-e-type=\"widget\" data-widget_type=\"hub_fancy_heading.default\">\n\t\t\t\t<div class=\"elementor-widget-container\">\n\t\t\t\t\t\n\t\t<div id=\"ld-fancy-heading-69e65efee76fa\" class=\"ld-fancy-heading pos-rel\">\n\t\t\t<p class=\"ld-fh-element d-inline-block pos-rel  lqd-highlight-classic lqd-highlight-grow-left p\" ><a href=\"https:\/\/www.norde.com.tr\/en\/products\/tv-units\" > TV UNITS<\/a><\/p>\t\t<\/div>\n\n\t\t\t\t\t\t<\/div>\n\t\t\t\t<\/div>\n\t\t\t\t<div class=\"elementor-element elementor-element-3545fd17 elementor-widget elementor-widget-ld_button\" data-id=\"3545fd17\" data-element_type=\"widget\" data-e-type=\"widget\" data-widget_type=\"ld_button.default\">\n\t\t\t\t<div class=\"elementor-widget-container\">\n\t\t\t\t\t\n\t\t\t<a\n\t\t\t\thref=\"https:\/\/norde.com.tr\/technical-specifications\/berlin-tv-unit-technical-specifications.pdf\" target=\"_blank\"class=\"elementor-button btn btn-solid btn-hover-txt-liquid-x btn-xsm btn-icon-right btn-hover-swp btn-has-label\"\t\t\t>\n\t\t\t\t\t\t\t\t\t<span data-text=\"Technical Specification\" class=\"btn-txt\" data-transition-delay=\"true\" data-delay-options=\"{&quot;elements&quot;: &quot;.lqd-chars&quot;, &quot;delayType&quot;: &quot;animation&quot;, &quot;startDelay&quot;: 0, &quot;delayBetween&quot;: 32.5}\" data-split-text=\"true\" data-split-options=\"{&quot;type&quot;: &quot;chars, words&quot;}\">\n\t\t\t\t\t\tTechnical Specification\t\t\t\t\t<\/span>\n\t\t\t\t\t\t\t\t\t\t\t\t\t\t<span class=\"btn-icon\">\n\t\t\t\t\t\t\t<i aria-hidden=\"true\" class=\"fas fa-sign-out-alt\"><\/i>\t\t\t\t\t\t<\/span>\n\t\t\t\t\t\t\t\t\t\t\t\t<span class=\"btn-icon\">\n\t\t\t\t\t\t\t<i aria-hidden=\"true\" class=\"fas fa-sign-out-alt\"><\/i>\t\t\t\t\t\t<\/span>\n\t\t\t\t\t\t\t\t\t<\/a>\n\t\t\t\t\t\t\t<\/div>\n\t\t\t\t<\/div>\n\t\t\t\t\t<\/div>\n\t\t<\/div>\n\t\t\t\t\t<\/div>\n\t\t<\/section>\n\t\t\t\t\t<\/div>\n\t\t<\/div>\n\t\t\t\t\t<\/div>\n\t\t<\/section>\n\t\t\t\t<section class=\"elementor-section elementor-top-section elementor-element elementor-element-74accf0e elementor-section-full_width elementor-section-stretched elementor-section-height-default elementor-section-height-default\" data-id=\"74accf0e\" data-element_type=\"section\" data-e-type=\"section\" data-settings=\"{&quot;stretch_section&quot;:&quot;section-stretched&quot;}\">\n\t\t\t\t\t\t<div class=\"elementor-container elementor-column-gap-no\">\n\t\t\t\t\t<div class=\"elementor-column elementor-col-100 elementor-top-column elementor-element elementor-element-29631e85\" data-id=\"29631e85\" data-element_type=\"column\" data-e-type=\"column\">\n\t\t\t<div class=\"elementor-widget-wrap elementor-element-populated\">\n\t\t\t\t\t\t<div class=\"elementor-element elementor-element-30efd4f elementor-arrows-position-outside elementor-pagination-position-outside elementor-widget elementor-widget-image-carousel\" data-id=\"30efd4f\" data-element_type=\"widget\" data-e-type=\"widget\" data-settings=\"{&quot;slides_to_show&quot;:&quot;2&quot;,&quot;autoplay&quot;:&quot;no&quot;,&quot;infinite&quot;:&quot;no&quot;,&quot;image_spacing_custom&quot;:{&quot;unit&quot;:&quot;px&quot;,&quot;size&quot;:40,&quot;sizes&quot;:[]},&quot;navigation&quot;:&quot;both&quot;,&quot;speed&quot;:500,&quot;image_spacing_custom_tablet&quot;:{&quot;unit&quot;:&quot;px&quot;,&quot;size&quot;:&quot;&quot;,&quot;sizes&quot;:[]},&quot;image_spacing_custom_mobile&quot;:{&quot;unit&quot;:&quot;px&quot;,&quot;size&quot;:&quot;&quot;,&quot;sizes&quot;:[]}}\" data-widget_type=\"image-carousel.default\">\n\t\t\t\t<div class=\"elementor-widget-container\">\n\t\t\t\t\t\t\t<div class=\"elementor-image-carousel-wrapper swiper\" role=\"region\" aria-roledescription=\"carousel\" aria-label=\"Resim D\u00f6ng\u00fcs\u00fc\" dir=\"ltr\">\n\t\t\t<div class=\"elementor-image-carousel swiper-wrapper\" aria-live=\"polite\">\n\t\t\t\t\t\t\t\t<div class=\"swiper-slide\" role=\"group\" aria-roledescription=\"slide\" aria-label=\"1 of 5\"><a data-elementor-open-lightbox=\"yes\" data-elementor-lightbox-slideshow=\"30efd4f\" data-elementor-lightbox-title=\"Norde Berlin TV Unitesi\" data-e-action-hash=\"#elementor-action%3Aaction%3Dlightbox%26settings%3DeyJpZCI6MzMzOTMsInVybCI6Imh0dHBzOlwvXC93d3cubm9yZGUuY29tLnRyXC93cC1jb250ZW50XC91cGxvYWRzXC8yMDI1XC8wNVwvTm9yZGUtQmVybGluLVRWLVVuaXRlc2kuanBnIiwic2xpZGVzaG93IjoiMzBlZmQ0ZiJ9\" href=\"https:\/\/www.norde.com.tr\/wp-content\/uploads\/2025\/05\/Norde-Berlin-TV-Unitesi.jpg\"><figure class=\"swiper-slide-inner\"><img decoding=\"async\" class=\"swiper-slide-image\" src=\"https:\/\/www.norde.com.tr\/wp-content\/uploads\/2025\/05\/Norde-Berlin-TV-Unitesi.jpg\" alt=\"Norde Berlin TV Unitesi\" \/><\/figure><\/a><\/div><div class=\"swiper-slide\" role=\"group\" aria-roledescription=\"slide\" aria-label=\"2 of 5\"><a data-elementor-open-lightbox=\"yes\" data-elementor-lightbox-slideshow=\"30efd4f\" data-elementor-lightbox-title=\"Norde Berlin TV Unitesi-2\" data-e-action-hash=\"#elementor-action%3Aaction%3Dlightbox%26settings%3DeyJpZCI6MzMzOTcsInVybCI6Imh0dHBzOlwvXC93d3cubm9yZGUuY29tLnRyXC93cC1jb250ZW50XC91cGxvYWRzXC8yMDI1XC8wNVwvTm9yZGUtQmVybGluLVRWLVVuaXRlc2ktMi5qcGciLCJzbGlkZXNob3ciOiIzMGVmZDRmIn0%3D\" href=\"https:\/\/www.norde.com.tr\/wp-content\/uploads\/2025\/05\/Norde-Berlin-TV-Unitesi-2.jpg\"><figure class=\"swiper-slide-inner\"><img decoding=\"async\" class=\"swiper-slide-image\" src=\"https:\/\/www.norde.com.tr\/wp-content\/uploads\/2025\/05\/Norde-Berlin-TV-Unitesi-2.jpg\" alt=\"Norde Berlin TV Unitesi-2\" \/><\/figure><\/a><\/div><div class=\"swiper-slide\" role=\"group\" aria-roledescription=\"slide\" aria-label=\"3 of 5\"><a data-elementor-open-lightbox=\"yes\" data-elementor-lightbox-slideshow=\"30efd4f\" data-elementor-lightbox-title=\"Norde Berlin TV Unitesi-5\" data-e-action-hash=\"#elementor-action%3Aaction%3Dlightbox%26settings%3DeyJpZCI6MzMzOTUsInVybCI6Imh0dHBzOlwvXC93d3cubm9yZGUuY29tLnRyXC93cC1jb250ZW50XC91cGxvYWRzXC8yMDI1XC8wNVwvTm9yZGUtQmVybGluLVRWLVVuaXRlc2ktNS5qcGciLCJzbGlkZXNob3ciOiIzMGVmZDRmIn0%3D\" href=\"https:\/\/www.norde.com.tr\/wp-content\/uploads\/2025\/05\/Norde-Berlin-TV-Unitesi-5.jpg\"><figure class=\"swiper-slide-inner\"><img decoding=\"async\" class=\"swiper-slide-image\" src=\"https:\/\/www.norde.com.tr\/wp-content\/uploads\/2025\/05\/Norde-Berlin-TV-Unitesi-5.jpg\" alt=\"Norde Berlin TV Unitesi-5\" \/><\/figure><\/a><\/div><div class=\"swiper-slide\" role=\"group\" aria-roledescription=\"slide\" aria-label=\"4 of 5\"><a data-elementor-open-lightbox=\"yes\" data-elementor-lightbox-slideshow=\"30efd4f\" data-elementor-lightbox-title=\"Norde Berlin TV Unitesi-4\" data-e-action-hash=\"#elementor-action%3Aaction%3Dlightbox%26settings%3DeyJpZCI6MzMzOTksInVybCI6Imh0dHBzOlwvXC93d3cubm9yZGUuY29tLnRyXC93cC1jb250ZW50XC91cGxvYWRzXC8yMDI1XC8wNVwvTm9yZGUtQmVybGluLVRWLVVuaXRlc2ktNC5qcGciLCJzbGlkZXNob3ciOiIzMGVmZDRmIn0%3D\" href=\"https:\/\/www.norde.com.tr\/wp-content\/uploads\/2025\/05\/Norde-Berlin-TV-Unitesi-4.jpg\"><figure class=\"swiper-slide-inner\"><img decoding=\"async\" class=\"swiper-slide-image\" src=\"https:\/\/www.norde.com.tr\/wp-content\/uploads\/2025\/05\/Norde-Berlin-TV-Unitesi-4.jpg\" alt=\"Norde Berlin TV Unitesi-4\" \/><\/figure><\/a><\/div><div class=\"swiper-slide\" role=\"group\" aria-roledescription=\"slide\" aria-label=\"5 of 5\"><a data-elementor-open-lightbox=\"yes\" data-elementor-lightbox-slideshow=\"30efd4f\" data-elementor-lightbox-title=\"Norde Berlin TV Unitesi-3\" data-e-action-hash=\"#elementor-action%3Aaction%3Dlightbox%26settings%3DeyJpZCI6MzM0MDEsInVybCI6Imh0dHBzOlwvXC93d3cubm9yZGUuY29tLnRyXC93cC1jb250ZW50XC91cGxvYWRzXC8yMDI1XC8wNVwvTm9yZGUtQmVybGluLVRWLVVuaXRlc2ktMy5qcGciLCJzbGlkZXNob3ciOiIzMGVmZDRmIn0%3D\" href=\"https:\/\/www.norde.com.tr\/wp-content\/uploads\/2025\/05\/Norde-Berlin-TV-Unitesi-3.jpg\"><figure class=\"swiper-slide-inner\"><img decoding=\"async\" class=\"swiper-slide-image\" src=\"https:\/\/www.norde.com.tr\/wp-content\/uploads\/2025\/05\/Norde-Berlin-TV-Unitesi-3.jpg\" alt=\"Norde Berlin TV Unitesi-3\" \/><\/figure><\/a><\/div>\t\t\t<\/div>\n\t\t\t\t\t\t\t\t\t\t\t\t<div class=\"elementor-swiper-button elementor-swiper-button-prev\" role=\"button\" tabindex=\"0\">\n\t\t\t\t\t\t<i aria-hidden=\"true\" class=\"eicon-chevron-left\"><\/i>\t\t\t\t\t<\/div>\n\t\t\t\t\t<div class=\"elementor-swiper-button elementor-swiper-button-next\" role=\"button\" tabindex=\"0\">\n\t\t\t\t\t\t<i aria-hidden=\"true\" class=\"eicon-chevron-right\"><\/i>\t\t\t\t\t<\/div>\n\t\t\t\t\n\t\t\t\t\t\t\t\t\t<div class=\"swiper-pagination\"><\/div>\n\t\t\t\t\t\t\t\t\t<\/div>\n\t\t\t\t\t\t<\/div>\n\t\t\t\t<\/div>\n\t\t\t\t\t<\/div>\n\t\t<\/div>\n\t\t\t\t\t<\/div>\n\t\t<\/section>\n\t\t\t\t<section class=\"elementor-section elementor-top-section elementor-element elementor-element-2e5fadbe elementor-section-full_width elementor-section-height-default elementor-section-height-default\" data-id=\"2e5fadbe\" data-element_type=\"section\" data-e-type=\"section\">\n\t\t\t\t\t\t<div class=\"elementor-container elementor-column-gap-default\">\n\t\t\t\t\t<div class=\"elementor-column elementor-col-50 elementor-top-column elementor-element elementor-element-7f508ef9\" data-id=\"7f508ef9\" data-element_type=\"column\" data-e-type=\"column\">\n\t\t\t<div class=\"elementor-widget-wrap elementor-element-populated\">\n\t\t\t\t\t\t<div class=\"elementor-element elementor-element-5c5b438c elementor-widget elementor-widget-hub_fancy_heading\" data-id=\"5c5b438c\" data-element_type=\"widget\" data-e-type=\"widget\" data-widget_type=\"hub_fancy_heading.default\">\n\t\t\t\t<div class=\"elementor-widget-container\">\n\t\t\t\t\t\n\t\t<div id=\"ld-fancy-heading-69e65efee8cda\" class=\"ld-fancy-heading pos-rel\">\n\t\t\t<p class=\"ld-fh-element d-inline-block pos-rel  lqd-highlight-classic lqd-highlight-grow-left p\"  > The TV unit is made from 18 mm and 36 mm thick MDF. It features a 5 mm thick LED-lit glass shelf framed with aluminum. Finishing options include walnut veneer with varnish, oak veneer with varnish, American varnish (custom color), or lacquer in any RAL color, available in matte or glossy finishes. The doors are crafted from 18 mm MDF, equipped with soft-close hinges, and finished to match the selected surface options. The unit can be produced either with 12 cm high legs\u2014painted in any RAL color\u2014or wall-mounted without legs using metal hanging brackets, depending on the installation preference.<\/p>\t\t<\/div>\n\n\t\t\t\t\t\t<\/div>\n\t\t\t\t<\/div>\n\t\t\t\t<div class=\"elementor-element elementor-element-454dbaa9 elementor-widget-divider--view-line elementor-widget elementor-widget-divider\" data-id=\"454dbaa9\" data-element_type=\"widget\" data-e-type=\"widget\" data-widget_type=\"divider.default\">\n\t\t\t\t<div class=\"elementor-widget-container\">\n\t\t\t\t\t\t\t<div class=\"elementor-divider\">\n\t\t\t<span class=\"elementor-divider-separator\">\n\t\t\t\t\t\t<\/span>\n\t\t<\/div>\n\t\t\t\t\t\t<\/div>\n\t\t\t\t<\/div>\n\t\t\t\t<section class=\"elementor-section elementor-inner-section elementor-element elementor-element-74a55573 elementor-section-boxed elementor-section-height-default elementor-section-height-default\" data-id=\"74a55573\" data-element_type=\"section\" data-e-type=\"section\">\n\t\t\t\t\t\t<div class=\"elementor-container elementor-column-gap-default\">\n\t\t\t\t\t<div class=\"elementor-column elementor-col-50 elementor-inner-column elementor-element elementor-element-67e8939\" data-id=\"67e8939\" data-element_type=\"column\" data-e-type=\"column\">\n\t\t\t<div class=\"elementor-widget-wrap elementor-element-populated\">\n\t\t\t\t\t\t<div class=\"elementor-element elementor-element-16be1821 elementor-widget elementor-widget-ld_button\" data-id=\"16be1821\" data-element_type=\"widget\" data-e-type=\"widget\" data-widget_type=\"ld_button.default\">\n\t\t\t\t<div class=\"elementor-widget-container\">\n\t\t\t\t\t\n\t\t\t<a\n\t\t\t\thref=\"https:\/\/norde.com.tr\/dwg-folder\/\"class=\"elementor-button btn btn-solid btn-xsm btn-icon-shaped btn-has-label\"\t\t\t>\n\t\t\t\t\t\t\t\t\t<span data-text=\"Autocad\" class=\"btn-txt\">\n\t\t\t\t\t\tAutocad\t\t\t\t\t<\/span>\n\t\t\t\t\t\t\t\t\t\t\t<\/a>\n\t\t\t\t\t\t\t<\/div>\n\t\t\t\t<\/div>\n\t\t\t\t\t<\/div>\n\t\t<\/div>\n\t\t\t\t<div class=\"elementor-column elementor-col-50 elementor-inner-column elementor-element elementor-element-2213dc9a\" data-id=\"2213dc9a\" data-element_type=\"column\" data-e-type=\"column\">\n\t\t\t<div class=\"elementor-widget-wrap\">\n\t\t\t\t\t\t\t<\/div>\n\t\t<\/div>\n\t\t\t\t\t<\/div>\n\t\t<\/section>\n\t\t\t\t\t<\/div>\n\t\t<\/div>\n\t\t\t\t<div class=\"elementor-column elementor-col-50 elementor-top-column elementor-element elementor-element-6d260ec5\" data-id=\"6d260ec5\" data-element_type=\"column\" data-e-type=\"column\">\n\t\t\t<div class=\"elementor-widget-wrap elementor-element-populated\">\n\t\t\t\t\t\t<div class=\"elementor-element elementor-element-237d9a45 elementor-widget elementor-widget-ld_fancy_image\" data-id=\"237d9a45\" data-element_type=\"widget\" data-e-type=\"widget\" data-widget_type=\"ld_fancy_image.default\">\n\t\t\t\t<div class=\"elementor-widget-container\">\n\t\t\t\t\t\n\t\t<div class=\"lqd-imggrp-single d-block pos-rel \">\n\t\t\t<div class=\"lqd-imggrp-img-container d-inline-flex pos-rel align-items-center justify-content-center \">\n\t\t\t\t\t\t\t\t<figure class=\"w-100 pos-rel\">\n\t\t\t\t\t<img fetchpriority=\"high\" decoding=\"async\" width=\"1600\" height=\"675\" src=\"https:\/\/www.norde.com.tr\/wp-content\/uploads\/2025\/05\/Norde-Berlin-TV-Unitesi.jpg\" class=\"attachment-full size-full wp-image-33393\" alt=\"\" srcset=\"https:\/\/www.norde.com.tr\/wp-content\/uploads\/2025\/05\/Norde-Berlin-TV-Unitesi.jpg 1600w, https:\/\/www.norde.com.tr\/wp-content\/uploads\/2025\/05\/Norde-Berlin-TV-Unitesi-800x338.jpg 800w, https:\/\/www.norde.com.tr\/wp-content\/uploads\/2025\/05\/Norde-Berlin-TV-Unitesi-1400x591.jpg 1400w, https:\/\/www.norde.com.tr\/wp-content\/uploads\/2025\/05\/Norde-Berlin-TV-Unitesi-1536x648.jpg 1536w\" sizes=\"(max-width: 1600px) 100vw, 1600px\" itemprop=\"image\" \/>\t\t\t\t\t\t\t\t\t\t\t\t\t\t\t\t\t\t\t\t\t\t\t\t\t\t\t\t\t<\/figure>\n\t\t\t<\/div>\n\t\t<\/div>\n\n\t\t\t\t\t<\/div>\n\t\t\t\t<\/div>\n\t\t\t\t\t<\/div>\n\t\t<\/div>\n\t\t\t\t\t<\/div>\n\t\t<\/section>\n\t\t\t\t<\/div>\n\t\t","protected":false},"excerpt":{"rendered":"<p>BERLIN TV UNIT BERLIN TV UNIT TV UNITS Technical Specification The TV unit is made from 18 mm and 36 mm thick MDF. It features a 5 mm thick LED-lit glass shelf framed with aluminum. Finishing options include walnut veneer with varnish, oak veneer with varnish, American varnish (custom color), or lacquer in any RAL [&hellip;]<\/p>\n","protected":false},"author":1,"featured_media":33394,"parent":23711,"menu_order":0,"comment_status":"closed","ping_status":"closed","template":"","meta":{"footnotes":""},"yst_prominent_words":[],"class_list":["post-34035","page","type-page","status-publish","has-post-thumbnail","hentry"],"_links":{"self":[{"href":"https:\/\/www.norde.com.tr\/en\/wp-json\/wp\/v2\/pages\/34035","targetHints":{"allow":["GET"]}}],"collection":[{"href":"https:\/\/www.norde.com.tr\/en\/wp-json\/wp\/v2\/pages"}],"about":[{"href":"https:\/\/www.norde.com.tr\/en\/wp-json\/wp\/v2\/types\/page"}],"author":[{"embeddable":true,"href":"https:\/\/www.norde.com.tr\/en\/wp-json\/wp\/v2\/users\/1"}],"replies":[{"embeddable":true,"href":"https:\/\/www.norde.com.tr\/en\/wp-json\/wp\/v2\/comments?post=34035"}],"version-history":[{"count":5,"href":"https:\/\/www.norde.com.tr\/en\/wp-json\/wp\/v2\/pages\/34035\/revisions"}],"predecessor-version":[{"id":34041,"href":"https:\/\/www.norde.com.tr\/en\/wp-json\/wp\/v2\/pages\/34035\/revisions\/34041"}],"up":[{"embeddable":true,"href":"https:\/\/www.norde.com.tr\/en\/wp-json\/wp\/v2\/pages\/23711"}],"wp:featuredmedia":[{"embeddable":true,"href":"https:\/\/www.norde.com.tr\/en\/wp-json\/wp\/v2\/media\/33394"}],"wp:attachment":[{"href":"https:\/\/www.norde.com.tr\/en\/wp-json\/wp\/v2\/media?parent=34035"}],"wp:term":[{"taxonomy":"yst_prominent_words","embeddable":true,"href":"https:\/\/www.norde.com.tr\/en\/wp-json\/wp\/v2\/yst_prominent_words?post=34035"}],"curies":[{"name":"wp","href":"https:\/\/api.w.org\/{rel}","templated":true}]}}