{"id":34279,"date":"2025-09-16T08:32:42","date_gmt":"2025-09-16T05:32:42","guid":{"rendered":"https:\/\/www.norde.com.tr\/?page_id=34279"},"modified":"2025-09-16T08:33:26","modified_gmt":"2025-09-16T05:33:26","slug":"nexus-chair","status":"publish","type":"page","link":"https:\/\/www.norde.com.tr\/en\/products\/chairs\/nexus-chair\/","title":{"rendered":"NEXUS CHAIR"},"content":{"rendered":"\t\t<div data-elementor-type=\"wp-page\" data-elementor-id=\"34279\" class=\"elementor elementor-34279\" data-elementor-post-type=\"page\">\n\t\t\t\t\t\t<section class=\"elementor-section elementor-top-section elementor-element elementor-element-2891ef02 elementor-section-height-min-height animated-slow elementor-section-boxed elementor-section-height-default elementor-section-items-middle\" data-id=\"2891ef02\" data-element_type=\"section\" data-e-type=\"section\" data-settings=\"{&quot;background_background&quot;:&quot;classic&quot;,&quot;animation&quot;:&quot;none&quot;}\">\n\t\t\t\t\t\t\t<div class=\"elementor-background-overlay\"><\/div>\n\t\t\t\t\t\t\t<div class=\"elementor-container elementor-column-gap-default\">\n\t\t\t\t\t<div class=\"elementor-column elementor-col-100 elementor-top-column elementor-element elementor-element-12d2f68a\" data-id=\"12d2f68a\" data-element_type=\"column\" data-e-type=\"column\">\n\t\t\t<div class=\"elementor-widget-wrap elementor-element-populated\">\n\t\t\t\t\t\t<div class=\"elementor-element elementor-element-2cae2dcb elementor-widget elementor-widget-hub_fancy_heading\" data-id=\"2cae2dcb\" data-element_type=\"widget\" data-e-type=\"widget\" data-widget_type=\"hub_fancy_heading.default\">\n\t\t\t\t<div class=\"elementor-widget-container\">\n\t\t\t\t\t\n\t\t<div id=\"ld-fancy-heading-69e65fe89f67e\" class=\"ld-fancy-heading pos-rel\">\n\t\t\t<h1 class=\"ld-fh-element d-inline-block pos-rel  elementor-heading-title lqd-highlight-classic lqd-highlight-grow-left h1\"  > NEXUS CHAIR<\/h1>\t\t<\/div>\n\n\t\t\t\t\t\t<\/div>\n\t\t\t\t<\/div>\n\t\t\t\t\t<\/div>\n\t\t<\/div>\n\t\t\t\t\t<\/div>\n\t\t<\/section>\n\t\t\t\t<section class=\"elementor-section elementor-top-section elementor-element elementor-element-2e197405 elementor-section-full_width elementor-section-height-default elementor-section-height-default\" data-id=\"2e197405\" data-element_type=\"section\" data-e-type=\"section\">\n\t\t\t\t\t\t<div class=\"elementor-container elementor-column-gap-default\">\n\t\t\t\t\t<div class=\"elementor-column elementor-col-100 elementor-top-column elementor-element elementor-element-bb95ddd\" data-id=\"bb95ddd\" data-element_type=\"column\" data-e-type=\"column\">\n\t\t\t<div class=\"elementor-widget-wrap elementor-element-populated\">\n\t\t\t\t\t\t<section class=\"elementor-section elementor-inner-section elementor-element elementor-element-765c29d3 elementor-section-boxed elementor-section-height-default elementor-section-height-default\" data-id=\"765c29d3\" data-element_type=\"section\" data-e-type=\"section\">\n\t\t\t\t\t\t<div class=\"elementor-container elementor-column-gap-default\">\n\t\t\t\t\t<div class=\"elementor-column elementor-col-100 elementor-inner-column elementor-element elementor-element-6a0ef934\" data-id=\"6a0ef934\" data-element_type=\"column\" data-e-type=\"column\">\n\t\t\t<div class=\"elementor-widget-wrap elementor-element-populated\">\n\t\t\t\t\t\t<div class=\"elementor-element elementor-element-70218cf7 elementor-widget elementor-widget-hub_fancy_heading\" data-id=\"70218cf7\" data-element_type=\"widget\" data-e-type=\"widget\" data-widget_type=\"hub_fancy_heading.default\">\n\t\t\t\t<div class=\"elementor-widget-container\">\n\t\t\t\t\t\n\t\t<div id=\"ld-fancy-heading-69e65fe89ffa7\" class=\"ld-fancy-heading pos-rel\">\n\t\t\t<h2 class=\"ld-fh-element d-inline-block pos-rel  elementor-heading-title lqd-highlight-classic lqd-highlight-grow-left h2\"  > NEXUS CHAIR<\/h2>\t\t<\/div>\n\n\t\t\t\t\t\t<\/div>\n\t\t\t\t<\/div>\n\t\t\t\t<div class=\"elementor-element elementor-element-6e3f80a7 elementor-widget elementor-widget-hub_fancy_heading\" data-id=\"6e3f80a7\" data-element_type=\"widget\" data-e-type=\"widget\" data-widget_type=\"hub_fancy_heading.default\">\n\t\t\t\t<div class=\"elementor-widget-container\">\n\t\t\t\t\t\n\t\t<div id=\"ld-fancy-heading-69e65fe8a073f\" class=\"ld-fancy-heading pos-rel\">\n\t\t\t<p class=\"ld-fh-element d-inline-block pos-rel  lqd-highlight-classic lqd-highlight-grow-left p\" ><a href=\"https:\/\/www.norde.com.tr\/en\/products\/chairs\" > CHAIRS<\/a><\/p>\t\t<\/div>\n\n\t\t\t\t\t\t<\/div>\n\t\t\t\t<\/div>\n\t\t\t\t<div class=\"elementor-element elementor-element-4c0673d1 elementor-widget elementor-widget-ld_button\" data-id=\"4c0673d1\" data-element_type=\"widget\" data-e-type=\"widget\" data-widget_type=\"ld_button.default\">\n\t\t\t\t<div class=\"elementor-widget-container\">\n\t\t\t\t\t\n\t\t\t<a\n\t\t\t\thref=\"https:\/\/norde.com.tr\/technical-specifications\/nexus-chair-technical-specifications.pdf\" target=\"_blank\"class=\"elementor-button btn btn-solid btn-hover-txt-liquid-x btn-xsm btn-icon-right btn-hover-swp btn-has-label\"\t\t\t>\n\t\t\t\t\t\t\t\t\t<span data-text=\"Technical Specification\" class=\"btn-txt\" data-transition-delay=\"true\" data-delay-options=\"{&quot;elements&quot;: &quot;.lqd-chars&quot;, &quot;delayType&quot;: &quot;animation&quot;, &quot;startDelay&quot;: 0, &quot;delayBetween&quot;: 32.5}\" data-split-text=\"true\" data-split-options=\"{&quot;type&quot;: &quot;chars, words&quot;}\">\n\t\t\t\t\t\tTechnical Specification\t\t\t\t\t<\/span>\n\t\t\t\t\t\t\t\t\t\t\t\t\t\t<span class=\"btn-icon\">\n\t\t\t\t\t\t\t<i aria-hidden=\"true\" class=\"fas fa-sign-out-alt\"><\/i>\t\t\t\t\t\t<\/span>\n\t\t\t\t\t\t\t\t\t\t\t\t<span class=\"btn-icon\">\n\t\t\t\t\t\t\t<i aria-hidden=\"true\" class=\"fas fa-sign-out-alt\"><\/i>\t\t\t\t\t\t<\/span>\n\t\t\t\t\t\t\t\t\t<\/a>\n\t\t\t\t\t\t\t<\/div>\n\t\t\t\t<\/div>\n\t\t\t\t\t<\/div>\n\t\t<\/div>\n\t\t\t\t\t<\/div>\n\t\t<\/section>\n\t\t\t\t\t<\/div>\n\t\t<\/div>\n\t\t\t\t\t<\/div>\n\t\t<\/section>\n\t\t\t\t<section class=\"elementor-section elementor-top-section elementor-element elementor-element-4aeaafc8 elementor-section-full_width elementor-section-stretched elementor-section-height-default elementor-section-height-default\" data-id=\"4aeaafc8\" data-element_type=\"section\" data-e-type=\"section\" data-settings=\"{&quot;stretch_section&quot;:&quot;section-stretched&quot;}\">\n\t\t\t\t\t\t<div class=\"elementor-container elementor-column-gap-no\">\n\t\t\t\t\t<div class=\"elementor-column elementor-col-100 elementor-top-column elementor-element elementor-element-5fae3afc\" data-id=\"5fae3afc\" data-element_type=\"column\" data-e-type=\"column\">\n\t\t\t<div class=\"elementor-widget-wrap elementor-element-populated\">\n\t\t\t\t\t\t<div class=\"elementor-element elementor-element-7aa6a4b6 elementor-arrows-position-outside elementor-pagination-position-outside elementor-widget elementor-widget-image-carousel\" data-id=\"7aa6a4b6\" data-element_type=\"widget\" data-e-type=\"widget\" data-settings=\"{&quot;slides_to_show&quot;:&quot;2&quot;,&quot;autoplay&quot;:&quot;no&quot;,&quot;infinite&quot;:&quot;no&quot;,&quot;image_spacing_custom&quot;:{&quot;unit&quot;:&quot;px&quot;,&quot;size&quot;:40,&quot;sizes&quot;:[]},&quot;navigation&quot;:&quot;both&quot;,&quot;speed&quot;:500,&quot;image_spacing_custom_tablet&quot;:{&quot;unit&quot;:&quot;px&quot;,&quot;size&quot;:&quot;&quot;,&quot;sizes&quot;:[]},&quot;image_spacing_custom_mobile&quot;:{&quot;unit&quot;:&quot;px&quot;,&quot;size&quot;:&quot;&quot;,&quot;sizes&quot;:[]}}\" data-widget_type=\"image-carousel.default\">\n\t\t\t\t<div class=\"elementor-widget-container\">\n\t\t\t\t\t\t\t<div class=\"elementor-image-carousel-wrapper swiper\" role=\"region\" aria-roledescription=\"carousel\" aria-label=\"Resim D\u00f6ng\u00fcs\u00fc\" dir=\"ltr\">\n\t\t\t<div class=\"elementor-image-carousel swiper-wrapper\" aria-live=\"polite\">\n\t\t\t\t\t\t\t\t<div class=\"swiper-slide\" role=\"group\" aria-roledescription=\"slide\" aria-label=\"1 of 5\"><a data-elementor-open-lightbox=\"yes\" data-elementor-lightbox-slideshow=\"7aa6a4b6\" data-elementor-lightbox-title=\"Norde Nexus Chair\" data-e-action-hash=\"#elementor-action%3Aaction%3Dlightbox%26settings%3DeyJpZCI6MzEyNTgsInVybCI6Imh0dHBzOlwvXC93d3cubm9yZGUuY29tLnRyXC93cC1jb250ZW50XC91cGxvYWRzXC8yMDI1XC8wMVwvTm9yZGUtTmV4dXMtQ2hhaXIuanBnIiwic2xpZGVzaG93IjoiN2FhNmE0YjYifQ%3D%3D\" href=\"https:\/\/www.norde.com.tr\/wp-content\/uploads\/2025\/01\/Norde-Nexus-Chair.jpg\"><figure class=\"swiper-slide-inner\"><img decoding=\"async\" class=\"swiper-slide-image\" src=\"https:\/\/www.norde.com.tr\/wp-content\/uploads\/2025\/01\/Norde-Nexus-Chair.jpg\" alt=\"Norde Nexus Chair\" \/><\/figure><\/a><\/div><div class=\"swiper-slide\" role=\"group\" aria-roledescription=\"slide\" aria-label=\"2 of 5\"><a data-elementor-open-lightbox=\"yes\" data-elementor-lightbox-slideshow=\"7aa6a4b6\" data-elementor-lightbox-title=\"Norde Nexus Chair-2\" data-e-action-hash=\"#elementor-action%3Aaction%3Dlightbox%26settings%3DeyJpZCI6MzEyNjAsInVybCI6Imh0dHBzOlwvXC93d3cubm9yZGUuY29tLnRyXC93cC1jb250ZW50XC91cGxvYWRzXC8yMDI1XC8wMVwvTm9yZGUtTmV4dXMtQ2hhaXItMi5qcGciLCJzbGlkZXNob3ciOiI3YWE2YTRiNiJ9\" href=\"https:\/\/www.norde.com.tr\/wp-content\/uploads\/2025\/01\/Norde-Nexus-Chair-2.jpg\"><figure class=\"swiper-slide-inner\"><img decoding=\"async\" class=\"swiper-slide-image\" src=\"https:\/\/www.norde.com.tr\/wp-content\/uploads\/2025\/01\/Norde-Nexus-Chair-2.jpg\" alt=\"Norde Nexus Chair-2\" \/><\/figure><\/a><\/div><div class=\"swiper-slide\" role=\"group\" aria-roledescription=\"slide\" aria-label=\"3 of 5\"><a data-elementor-open-lightbox=\"yes\" data-elementor-lightbox-slideshow=\"7aa6a4b6\" data-elementor-lightbox-title=\"Norde Nexus Chair-3\" data-e-action-hash=\"#elementor-action%3Aaction%3Dlightbox%26settings%3DeyJpZCI6MzEyNjIsInVybCI6Imh0dHBzOlwvXC93d3cubm9yZGUuY29tLnRyXC93cC1jb250ZW50XC91cGxvYWRzXC8yMDI1XC8wMVwvTm9yZGUtTmV4dXMtQ2hhaXItMy5qcGciLCJzbGlkZXNob3ciOiI3YWE2YTRiNiJ9\" href=\"https:\/\/www.norde.com.tr\/wp-content\/uploads\/2025\/01\/Norde-Nexus-Chair-3.jpg\"><figure class=\"swiper-slide-inner\"><img decoding=\"async\" class=\"swiper-slide-image\" src=\"https:\/\/www.norde.com.tr\/wp-content\/uploads\/2025\/01\/Norde-Nexus-Chair-3.jpg\" alt=\"Norde Nexus Chair-3\" \/><\/figure><\/a><\/div><div class=\"swiper-slide\" role=\"group\" aria-roledescription=\"slide\" aria-label=\"4 of 5\"><a data-elementor-open-lightbox=\"yes\" data-elementor-lightbox-slideshow=\"7aa6a4b6\" data-elementor-lightbox-title=\"Norde Nexus Chair-4\" data-e-action-hash=\"#elementor-action%3Aaction%3Dlightbox%26settings%3DeyJpZCI6MzEyNjQsInVybCI6Imh0dHBzOlwvXC93d3cubm9yZGUuY29tLnRyXC93cC1jb250ZW50XC91cGxvYWRzXC8yMDI1XC8wMVwvTm9yZGUtTmV4dXMtQ2hhaXItNC5qcGciLCJzbGlkZXNob3ciOiI3YWE2YTRiNiJ9\" href=\"https:\/\/www.norde.com.tr\/wp-content\/uploads\/2025\/01\/Norde-Nexus-Chair-4.jpg\"><figure class=\"swiper-slide-inner\"><img decoding=\"async\" class=\"swiper-slide-image\" src=\"https:\/\/www.norde.com.tr\/wp-content\/uploads\/2025\/01\/Norde-Nexus-Chair-4.jpg\" alt=\"Norde Nexus Chair-4\" \/><\/figure><\/a><\/div><div class=\"swiper-slide\" role=\"group\" aria-roledescription=\"slide\" aria-label=\"5 of 5\"><a data-elementor-open-lightbox=\"yes\" data-elementor-lightbox-slideshow=\"7aa6a4b6\" data-elementor-lightbox-title=\"Norde Nexus Chair-5\" data-e-action-hash=\"#elementor-action%3Aaction%3Dlightbox%26settings%3DeyJpZCI6MzEyNjYsInVybCI6Imh0dHBzOlwvXC93d3cubm9yZGUuY29tLnRyXC93cC1jb250ZW50XC91cGxvYWRzXC8yMDI1XC8wMVwvTm9yZGUtTmV4dXMtQ2hhaXItNS5qcGciLCJzbGlkZXNob3ciOiI3YWE2YTRiNiJ9\" href=\"https:\/\/www.norde.com.tr\/wp-content\/uploads\/2025\/01\/Norde-Nexus-Chair-5.jpg\"><figure class=\"swiper-slide-inner\"><img decoding=\"async\" class=\"swiper-slide-image\" src=\"https:\/\/www.norde.com.tr\/wp-content\/uploads\/2025\/01\/Norde-Nexus-Chair-5.jpg\" alt=\"Norde Nexus Chair-5\" \/><\/figure><\/a><\/div>\t\t\t<\/div>\n\t\t\t\t\t\t\t\t\t\t\t\t<div class=\"elementor-swiper-button elementor-swiper-button-prev\" role=\"button\" tabindex=\"0\">\n\t\t\t\t\t\t<i aria-hidden=\"true\" class=\"eicon-chevron-left\"><\/i>\t\t\t\t\t<\/div>\n\t\t\t\t\t<div class=\"elementor-swiper-button elementor-swiper-button-next\" role=\"button\" tabindex=\"0\">\n\t\t\t\t\t\t<i aria-hidden=\"true\" class=\"eicon-chevron-right\"><\/i>\t\t\t\t\t<\/div>\n\t\t\t\t\n\t\t\t\t\t\t\t\t\t<div class=\"swiper-pagination\"><\/div>\n\t\t\t\t\t\t\t\t\t<\/div>\n\t\t\t\t\t\t<\/div>\n\t\t\t\t<\/div>\n\t\t\t\t\t<\/div>\n\t\t<\/div>\n\t\t\t\t\t<\/div>\n\t\t<\/section>\n\t\t\t\t<section class=\"elementor-section elementor-top-section elementor-element elementor-element-efad928 elementor-section-full_width elementor-section-height-default elementor-section-height-default\" data-id=\"efad928\" data-element_type=\"section\" data-e-type=\"section\">\n\t\t\t\t\t\t<div class=\"elementor-container elementor-column-gap-default\">\n\t\t\t\t\t<div class=\"elementor-column elementor-col-50 elementor-top-column elementor-element elementor-element-4054e82f\" data-id=\"4054e82f\" data-element_type=\"column\" data-e-type=\"column\">\n\t\t\t<div class=\"elementor-widget-wrap elementor-element-populated\">\n\t\t\t\t\t\t<div class=\"elementor-element elementor-element-10c5fb8a elementor-widget elementor-widget-hub_fancy_heading\" data-id=\"10c5fb8a\" data-element_type=\"widget\" data-e-type=\"widget\" data-widget_type=\"hub_fancy_heading.default\">\n\t\t\t\t<div class=\"elementor-widget-container\">\n\t\t\t\t\t\n\t\t<div id=\"ld-fancy-heading-69e65fe8a2be0\" class=\"ld-fancy-heading pos-rel\">\n\t\t\t\t\t<\/div>\n\n\t\t\t\t\t\t<\/div>\n\t\t\t\t<\/div>\n\t\t\t\t<div class=\"elementor-element elementor-element-7e754bb elementor-widget-divider--view-line elementor-widget elementor-widget-divider\" data-id=\"7e754bb\" data-element_type=\"widget\" data-e-type=\"widget\" data-widget_type=\"divider.default\">\n\t\t\t\t<div class=\"elementor-widget-container\">\n\t\t\t\t\t\t\t<div class=\"elementor-divider\">\n\t\t\t<span class=\"elementor-divider-separator\">\n\t\t\t\t\t\t<\/span>\n\t\t<\/div>\n\t\t\t\t\t\t<\/div>\n\t\t\t\t<\/div>\n\t\t\t\t<section class=\"elementor-section elementor-inner-section elementor-element elementor-element-37931ad9 elementor-section-boxed elementor-section-height-default elementor-section-height-default\" data-id=\"37931ad9\" data-element_type=\"section\" data-e-type=\"section\">\n\t\t\t\t\t\t<div class=\"elementor-container elementor-column-gap-default\">\n\t\t\t\t\t<div class=\"elementor-column elementor-col-50 elementor-inner-column elementor-element elementor-element-59f151cf\" data-id=\"59f151cf\" data-element_type=\"column\" data-e-type=\"column\">\n\t\t\t<div class=\"elementor-widget-wrap elementor-element-populated\">\n\t\t\t\t\t\t<div class=\"elementor-element elementor-element-7547b1c8 elementor-widget elementor-widget-ld_button\" data-id=\"7547b1c8\" data-element_type=\"widget\" data-e-type=\"widget\" data-widget_type=\"ld_button.default\">\n\t\t\t\t<div class=\"elementor-widget-container\">\n\t\t\t\t\t\n\t\t\t<a\n\t\t\t\thref=\"https:\/\/norde.com.tr\/dwg-folder\/norde-nexus-sandalye.dwg\"class=\"elementor-button btn btn-solid btn-xsm btn-icon-shaped btn-has-label\"\t\t\t>\n\t\t\t\t\t\t\t\t\t<span data-text=\"Autocad\" class=\"btn-txt\">\n\t\t\t\t\t\tAutocad\t\t\t\t\t<\/span>\n\t\t\t\t\t\t\t\t\t\t\t<\/a>\n\t\t\t\t\t\t\t<\/div>\n\t\t\t\t<\/div>\n\t\t\t\t\t<\/div>\n\t\t<\/div>\n\t\t\t\t<div class=\"elementor-column elementor-col-50 elementor-inner-column elementor-element elementor-element-2ffb9358\" data-id=\"2ffb9358\" data-element_type=\"column\" data-e-type=\"column\">\n\t\t\t<div class=\"elementor-widget-wrap\">\n\t\t\t\t\t\t\t<\/div>\n\t\t<\/div>\n\t\t\t\t\t<\/div>\n\t\t<\/section>\n\t\t\t\t\t<\/div>\n\t\t<\/div>\n\t\t\t\t<div class=\"elementor-column elementor-col-50 elementor-top-column elementor-element elementor-element-2dd85090\" data-id=\"2dd85090\" data-element_type=\"column\" data-e-type=\"column\">\n\t\t\t<div class=\"elementor-widget-wrap elementor-element-populated\">\n\t\t\t\t\t\t<div class=\"elementor-element elementor-element-466c4c0c elementor-widget elementor-widget-ld_fancy_image\" data-id=\"466c4c0c\" data-element_type=\"widget\" data-e-type=\"widget\" data-widget_type=\"ld_fancy_image.default\">\n\t\t\t\t<div class=\"elementor-widget-container\">\n\t\t\t\t\t\n\t\t<div class=\"lqd-imggrp-single d-block pos-rel \">\n\t\t\t<div class=\"lqd-imggrp-img-container d-inline-flex pos-rel align-items-center justify-content-center \">\n\t\t\t\t\t\t\t\t<figure class=\"w-100 pos-rel\">\n\t\t\t\t\t<img fetchpriority=\"high\" decoding=\"async\" width=\"1600\" height=\"675\" src=\"https:\/\/www.norde.com.tr\/wp-content\/uploads\/2025\/01\/Norde-Nexus-Chair.jpg\" class=\"attachment-full size-full wp-image-31258\" alt=\"\" srcset=\"https:\/\/www.norde.com.tr\/wp-content\/uploads\/2025\/01\/Norde-Nexus-Chair.jpg 1600w, https:\/\/www.norde.com.tr\/wp-content\/uploads\/2025\/01\/Norde-Nexus-Chair-800x338.jpg 800w, https:\/\/www.norde.com.tr\/wp-content\/uploads\/2025\/01\/Norde-Nexus-Chair-1400x591.jpg 1400w, https:\/\/www.norde.com.tr\/wp-content\/uploads\/2025\/01\/Norde-Nexus-Chair-1536x648.jpg 1536w\" sizes=\"(max-width: 1600px) 100vw, 1600px\" itemprop=\"image\" \/>\t\t\t\t\t\t\t\t\t\t\t\t\t\t\t\t\t\t\t\t\t\t\t\t\t\t\t\t\t<\/figure>\n\t\t\t<\/div>\n\t\t<\/div>\n\n\t\t\t\t\t<\/div>\n\t\t\t\t<\/div>\n\t\t\t\t\t<\/div>\n\t\t<\/div>\n\t\t\t\t\t<\/div>\n\t\t<\/section>\n\t\t\t\t<\/div>\n\t\t","protected":false},"excerpt":{"rendered":"<p>NEXUS CHAIR NEXUS CHAIR CHAIRS Technical Specification Autocad<\/p>\n","protected":false},"author":1,"featured_media":31259,"parent":1698,"menu_order":0,"comment_status":"closed","ping_status":"closed","template":"","meta":{"footnotes":""},"yst_prominent_words":[],"class_list":["post-34279","page","type-page","status-publish","has-post-thumbnail","hentry"],"_links":{"self":[{"href":"https:\/\/www.norde.com.tr\/en\/wp-json\/wp\/v2\/pages\/34279","targetHints":{"allow":["GET"]}}],"collection":[{"href":"https:\/\/www.norde.com.tr\/en\/wp-json\/wp\/v2\/pages"}],"about":[{"href":"https:\/\/www.norde.com.tr\/en\/wp-json\/wp\/v2\/types\/page"}],"author":[{"embeddable":true,"href":"https:\/\/www.norde.com.tr\/en\/wp-json\/wp\/v2\/users\/1"}],"replies":[{"embeddable":true,"href":"https:\/\/www.norde.com.tr\/en\/wp-json\/wp\/v2\/comments?post=34279"}],"version-history":[{"count":4,"href":"https:\/\/www.norde.com.tr\/en\/wp-json\/wp\/v2\/pages\/34279\/revisions"}],"predecessor-version":[{"id":34283,"href":"https:\/\/www.norde.com.tr\/en\/wp-json\/wp\/v2\/pages\/34279\/revisions\/34283"}],"up":[{"embeddable":true,"href":"https:\/\/www.norde.com.tr\/en\/wp-json\/wp\/v2\/pages\/1698"}],"wp:featuredmedia":[{"embeddable":true,"href":"https:\/\/www.norde.com.tr\/en\/wp-json\/wp\/v2\/media\/31259"}],"wp:attachment":[{"href":"https:\/\/www.norde.com.tr\/en\/wp-json\/wp\/v2\/media?parent=34279"}],"wp:term":[{"taxonomy":"yst_prominent_words","embeddable":true,"href":"https:\/\/www.norde.com.tr\/en\/wp-json\/wp\/v2\/yst_prominent_words?post=34279"}],"curies":[{"name":"wp","href":"https:\/\/api.w.org\/{rel}","templated":true}]}}