{"id":34300,"date":"2025-09-16T08:41:30","date_gmt":"2025-09-16T05:41:30","guid":{"rendered":"https:\/\/www.norde.com.tr\/?page_id=34300"},"modified":"2025-09-16T08:43:49","modified_gmt":"2025-09-16T05:43:49","slug":"i-cone-table","status":"publish","type":"page","link":"https:\/\/www.norde.com.tr\/en\/products\/tables\/i-cone-table\/","title":{"rendered":"I-CONE TABLE"},"content":{"rendered":"\t\t<div data-elementor-type=\"wp-page\" data-elementor-id=\"34300\" class=\"elementor elementor-34300\" data-elementor-post-type=\"page\">\n\t\t\t\t\t\t<section class=\"elementor-section elementor-top-section elementor-element elementor-element-195b7ee4 elementor-section-height-min-height animated-slow elementor-section-boxed elementor-section-height-default elementor-section-items-middle\" data-id=\"195b7ee4\" data-element_type=\"section\" data-e-type=\"section\" data-settings=\"{&quot;background_background&quot;:&quot;classic&quot;,&quot;animation&quot;:&quot;none&quot;}\">\n\t\t\t\t\t\t\t<div class=\"elementor-background-overlay\"><\/div>\n\t\t\t\t\t\t\t<div class=\"elementor-container elementor-column-gap-default\">\n\t\t\t\t\t<div class=\"elementor-column elementor-col-100 elementor-top-column elementor-element elementor-element-41f0a36c\" data-id=\"41f0a36c\" data-element_type=\"column\" data-e-type=\"column\">\n\t\t\t<div class=\"elementor-widget-wrap elementor-element-populated\">\n\t\t\t\t\t\t<div class=\"elementor-element elementor-element-3c3d0532 elementor-widget elementor-widget-hub_fancy_heading\" data-id=\"3c3d0532\" data-element_type=\"widget\" data-e-type=\"widget\" data-widget_type=\"hub_fancy_heading.default\">\n\t\t\t\t<div class=\"elementor-widget-container\">\n\t\t\t\t\t\n\t\t<div id=\"ld-fancy-heading-69e510daecfc5\" class=\"ld-fancy-heading pos-rel\">\n\t\t\t<h1 class=\"ld-fh-element d-inline-block pos-rel  elementor-heading-title lqd-highlight-classic lqd-highlight-grow-left h1\"  > I-CONE TABLE<\/h1>\t\t<\/div>\n\n\t\t\t\t\t\t<\/div>\n\t\t\t\t<\/div>\n\t\t\t\t\t<\/div>\n\t\t<\/div>\n\t\t\t\t\t<\/div>\n\t\t<\/section>\n\t\t\t\t<section class=\"elementor-section elementor-top-section elementor-element elementor-element-343b0aea elementor-section-full_width elementor-section-height-default elementor-section-height-default\" data-id=\"343b0aea\" data-element_type=\"section\" data-e-type=\"section\">\n\t\t\t\t\t\t<div class=\"elementor-container elementor-column-gap-default\">\n\t\t\t\t\t<div class=\"elementor-column elementor-col-100 elementor-top-column elementor-element elementor-element-25018171\" data-id=\"25018171\" data-element_type=\"column\" data-e-type=\"column\">\n\t\t\t<div class=\"elementor-widget-wrap elementor-element-populated\">\n\t\t\t\t\t\t<section class=\"elementor-section elementor-inner-section elementor-element elementor-element-7cc90fe9 elementor-section-boxed elementor-section-height-default elementor-section-height-default\" data-id=\"7cc90fe9\" data-element_type=\"section\" data-e-type=\"section\">\n\t\t\t\t\t\t<div class=\"elementor-container elementor-column-gap-default\">\n\t\t\t\t\t<div class=\"elementor-column elementor-col-100 elementor-inner-column elementor-element elementor-element-5d5ed1eb\" data-id=\"5d5ed1eb\" data-element_type=\"column\" data-e-type=\"column\">\n\t\t\t<div class=\"elementor-widget-wrap elementor-element-populated\">\n\t\t\t\t\t\t<div class=\"elementor-element elementor-element-1cf84b92 elementor-widget elementor-widget-hub_fancy_heading\" data-id=\"1cf84b92\" data-element_type=\"widget\" data-e-type=\"widget\" data-widget_type=\"hub_fancy_heading.default\">\n\t\t\t\t<div class=\"elementor-widget-container\">\n\t\t\t\t\t\n\t\t<div id=\"ld-fancy-heading-69e510daed962\" class=\"ld-fancy-heading pos-rel\">\n\t\t\t<h2 class=\"ld-fh-element d-inline-block pos-rel  elementor-heading-title lqd-highlight-classic lqd-highlight-grow-left h2\"  > I-CONE TABLE<\/h2>\t\t<\/div>\n\n\t\t\t\t\t\t<\/div>\n\t\t\t\t<\/div>\n\t\t\t\t<div class=\"elementor-element elementor-element-493e0425 elementor-widget elementor-widget-hub_fancy_heading\" data-id=\"493e0425\" data-element_type=\"widget\" data-e-type=\"widget\" data-widget_type=\"hub_fancy_heading.default\">\n\t\t\t\t<div class=\"elementor-widget-container\">\n\t\t\t\t\t\n\t\t<div id=\"ld-fancy-heading-69e510daee1a3\" class=\"ld-fancy-heading pos-rel\">\n\t\t\t<p class=\"ld-fh-element d-inline-block pos-rel  lqd-highlight-classic lqd-highlight-grow-left p\" ><a href=\"https:\/\/www.norde.com.tr\/en\/products\/tables\" > TABLES<\/a><\/p>\t\t<\/div>\n\n\t\t\t\t\t\t<\/div>\n\t\t\t\t<\/div>\n\t\t\t\t<div class=\"elementor-element elementor-element-295264dc elementor-widget elementor-widget-ld_button\" data-id=\"295264dc\" data-element_type=\"widget\" data-e-type=\"widget\" data-widget_type=\"ld_button.default\">\n\t\t\t\t<div class=\"elementor-widget-container\">\n\t\t\t\t\t\n\t\t\t<a\n\t\t\t\thref=\"https:\/\/norde.com.tr\/technical-specifications\/i-cone-table-technical-specifications.pdf\" target=\"_blank\"class=\"elementor-button btn btn-solid btn-hover-txt-liquid-x btn-xsm btn-icon-right btn-hover-swp btn-has-label\"\t\t\t>\n\t\t\t\t\t\t\t\t\t<span data-text=\"Technical Specification\" class=\"btn-txt\" data-transition-delay=\"true\" data-delay-options=\"{&quot;elements&quot;: &quot;.lqd-chars&quot;, &quot;delayType&quot;: &quot;animation&quot;, &quot;startDelay&quot;: 0, &quot;delayBetween&quot;: 32.5}\" data-split-text=\"true\" data-split-options=\"{&quot;type&quot;: &quot;chars, words&quot;}\">\n\t\t\t\t\t\tTechnical Specification\t\t\t\t\t<\/span>\n\t\t\t\t\t\t\t\t\t\t\t\t\t\t<span class=\"btn-icon\">\n\t\t\t\t\t\t\t<i aria-hidden=\"true\" class=\"fas fa-sign-out-alt\"><\/i>\t\t\t\t\t\t<\/span>\n\t\t\t\t\t\t\t\t\t\t\t\t<span class=\"btn-icon\">\n\t\t\t\t\t\t\t<i aria-hidden=\"true\" class=\"fas fa-sign-out-alt\"><\/i>\t\t\t\t\t\t<\/span>\n\t\t\t\t\t\t\t\t\t<\/a>\n\t\t\t\t\t\t\t<\/div>\n\t\t\t\t<\/div>\n\t\t\t\t\t<\/div>\n\t\t<\/div>\n\t\t\t\t\t<\/div>\n\t\t<\/section>\n\t\t\t\t\t<\/div>\n\t\t<\/div>\n\t\t\t\t\t<\/div>\n\t\t<\/section>\n\t\t\t\t<section class=\"elementor-section elementor-top-section elementor-element elementor-element-4cb589cb elementor-section-full_width elementor-section-stretched elementor-section-height-default elementor-section-height-default\" data-id=\"4cb589cb\" data-element_type=\"section\" data-e-type=\"section\" data-settings=\"{&quot;stretch_section&quot;:&quot;section-stretched&quot;}\">\n\t\t\t\t\t\t<div class=\"elementor-container elementor-column-gap-no\">\n\t\t\t\t\t<div class=\"elementor-column elementor-col-100 elementor-top-column elementor-element elementor-element-59ed2205\" data-id=\"59ed2205\" data-element_type=\"column\" data-e-type=\"column\">\n\t\t\t<div class=\"elementor-widget-wrap elementor-element-populated\">\n\t\t\t\t\t\t<div class=\"elementor-element elementor-element-4a56e215 elementor-arrows-position-outside elementor-pagination-position-outside elementor-widget elementor-widget-image-carousel\" data-id=\"4a56e215\" data-element_type=\"widget\" data-e-type=\"widget\" data-settings=\"{&quot;slides_to_show&quot;:&quot;2&quot;,&quot;infinite&quot;:&quot;no&quot;,&quot;image_spacing_custom&quot;:{&quot;unit&quot;:&quot;px&quot;,&quot;size&quot;:40,&quot;sizes&quot;:[]},&quot;autoplay_speed&quot;:2500,&quot;navigation&quot;:&quot;both&quot;,&quot;autoplay&quot;:&quot;yes&quot;,&quot;pause_on_hover&quot;:&quot;yes&quot;,&quot;pause_on_interaction&quot;:&quot;yes&quot;,&quot;speed&quot;:500,&quot;image_spacing_custom_tablet&quot;:{&quot;unit&quot;:&quot;px&quot;,&quot;size&quot;:&quot;&quot;,&quot;sizes&quot;:[]},&quot;image_spacing_custom_mobile&quot;:{&quot;unit&quot;:&quot;px&quot;,&quot;size&quot;:&quot;&quot;,&quot;sizes&quot;:[]}}\" data-widget_type=\"image-carousel.default\">\n\t\t\t\t<div class=\"elementor-widget-container\">\n\t\t\t\t\t\t\t<div class=\"elementor-image-carousel-wrapper swiper\" role=\"region\" aria-roledescription=\"carousel\" aria-label=\"Resim D\u00f6ng\u00fcs\u00fc\" dir=\"ltr\">\n\t\t\t<div class=\"elementor-image-carousel swiper-wrapper\" aria-live=\"off\">\n\t\t\t\t\t\t\t\t<div class=\"swiper-slide\" role=\"group\" aria-roledescription=\"slide\" aria-label=\"1 of 4\"><a data-elementor-open-lightbox=\"yes\" data-elementor-lightbox-slideshow=\"4a56e215\" data-elementor-lightbox-title=\"Norde I-Cone Table\" data-e-action-hash=\"#elementor-action%3Aaction%3Dlightbox%26settings%3DeyJpZCI6MzA4NDIsInVybCI6Imh0dHBzOlwvXC93d3cubm9yZGUuY29tLnRyXC93cC1jb250ZW50XC91cGxvYWRzXC8yMDI1XC8wMVwvTm9yZGUtSS1Db25lLVRhYmxlLmpwZyIsInNsaWRlc2hvdyI6IjRhNTZlMjE1In0%3D\" href=\"https:\/\/www.norde.com.tr\/wp-content\/uploads\/2025\/01\/Norde-I-Cone-Table.jpg\"><figure class=\"swiper-slide-inner\"><img decoding=\"async\" class=\"swiper-slide-image\" src=\"https:\/\/www.norde.com.tr\/wp-content\/uploads\/2025\/01\/Norde-I-Cone-Table.jpg\" alt=\"Norde I-Cone Table\" \/><\/figure><\/a><\/div><div class=\"swiper-slide\" role=\"group\" aria-roledescription=\"slide\" aria-label=\"2 of 4\"><a data-elementor-open-lightbox=\"yes\" data-elementor-lightbox-slideshow=\"4a56e215\" data-elementor-lightbox-title=\"Norde I-Cone Table-2\" data-e-action-hash=\"#elementor-action%3Aaction%3Dlightbox%26settings%3DeyJpZCI6MzA4NDQsInVybCI6Imh0dHBzOlwvXC93d3cubm9yZGUuY29tLnRyXC93cC1jb250ZW50XC91cGxvYWRzXC8yMDI1XC8wMVwvTm9yZGUtSS1Db25lLVRhYmxlLTIuanBnIiwic2xpZGVzaG93IjoiNGE1NmUyMTUifQ%3D%3D\" href=\"https:\/\/www.norde.com.tr\/wp-content\/uploads\/2025\/01\/Norde-I-Cone-Table-2.jpg\"><figure class=\"swiper-slide-inner\"><img decoding=\"async\" class=\"swiper-slide-image\" src=\"https:\/\/www.norde.com.tr\/wp-content\/uploads\/2025\/01\/Norde-I-Cone-Table-2.jpg\" alt=\"Norde I-Cone Table-2\" \/><\/figure><\/a><\/div><div class=\"swiper-slide\" role=\"group\" aria-roledescription=\"slide\" aria-label=\"3 of 4\"><a data-elementor-open-lightbox=\"yes\" data-elementor-lightbox-slideshow=\"4a56e215\" data-elementor-lightbox-title=\"Norde I-Cone Table-3\" data-e-action-hash=\"#elementor-action%3Aaction%3Dlightbox%26settings%3DeyJpZCI6MzA4NDYsInVybCI6Imh0dHBzOlwvXC93d3cubm9yZGUuY29tLnRyXC93cC1jb250ZW50XC91cGxvYWRzXC8yMDI1XC8wMVwvTm9yZGUtSS1Db25lLVRhYmxlLTMuanBnIiwic2xpZGVzaG93IjoiNGE1NmUyMTUifQ%3D%3D\" href=\"https:\/\/www.norde.com.tr\/wp-content\/uploads\/2025\/01\/Norde-I-Cone-Table-3.jpg\"><figure class=\"swiper-slide-inner\"><img decoding=\"async\" class=\"swiper-slide-image\" src=\"https:\/\/www.norde.com.tr\/wp-content\/uploads\/2025\/01\/Norde-I-Cone-Table-3.jpg\" alt=\"Norde I-Cone Table-3\" \/><\/figure><\/a><\/div><div class=\"swiper-slide\" role=\"group\" aria-roledescription=\"slide\" aria-label=\"4 of 4\"><a data-elementor-open-lightbox=\"yes\" data-elementor-lightbox-slideshow=\"4a56e215\" data-elementor-lightbox-title=\"Norde I-Cone Table-4\" data-e-action-hash=\"#elementor-action%3Aaction%3Dlightbox%26settings%3DeyJpZCI6MzA4NDgsInVybCI6Imh0dHBzOlwvXC93d3cubm9yZGUuY29tLnRyXC93cC1jb250ZW50XC91cGxvYWRzXC8yMDI1XC8wMVwvTm9yZGUtSS1Db25lLVRhYmxlLTQuanBnIiwic2xpZGVzaG93IjoiNGE1NmUyMTUifQ%3D%3D\" href=\"https:\/\/www.norde.com.tr\/wp-content\/uploads\/2025\/01\/Norde-I-Cone-Table-4.jpg\"><figure class=\"swiper-slide-inner\"><img decoding=\"async\" class=\"swiper-slide-image\" src=\"https:\/\/www.norde.com.tr\/wp-content\/uploads\/2025\/01\/Norde-I-Cone-Table-4.jpg\" alt=\"Norde I-Cone Table-4\" \/><\/figure><\/a><\/div>\t\t\t<\/div>\n\t\t\t\t\t\t\t\t\t\t\t\t<div class=\"elementor-swiper-button elementor-swiper-button-prev\" role=\"button\" tabindex=\"0\">\n\t\t\t\t\t\t<i aria-hidden=\"true\" class=\"eicon-chevron-left\"><\/i>\t\t\t\t\t<\/div>\n\t\t\t\t\t<div class=\"elementor-swiper-button elementor-swiper-button-next\" role=\"button\" tabindex=\"0\">\n\t\t\t\t\t\t<i aria-hidden=\"true\" class=\"eicon-chevron-right\"><\/i>\t\t\t\t\t<\/div>\n\t\t\t\t\n\t\t\t\t\t\t\t\t\t<div class=\"swiper-pagination\"><\/div>\n\t\t\t\t\t\t\t\t\t<\/div>\n\t\t\t\t\t\t<\/div>\n\t\t\t\t<\/div>\n\t\t\t\t\t<\/div>\n\t\t<\/div>\n\t\t\t\t\t<\/div>\n\t\t<\/section>\n\t\t\t\t<section class=\"elementor-section elementor-top-section elementor-element elementor-element-7a498da3 elementor-section-full_width elementor-section-height-default elementor-section-height-default\" data-id=\"7a498da3\" data-element_type=\"section\" data-e-type=\"section\">\n\t\t\t\t\t\t<div class=\"elementor-container elementor-column-gap-default\">\n\t\t\t\t\t<div class=\"elementor-column elementor-col-50 elementor-top-column elementor-element elementor-element-5362fa5a\" data-id=\"5362fa5a\" data-element_type=\"column\" data-e-type=\"column\">\n\t\t\t<div class=\"elementor-widget-wrap elementor-element-populated\">\n\t\t\t\t\t\t<div class=\"elementor-element elementor-element-68a3f543 elementor-widget elementor-widget-hub_fancy_heading\" data-id=\"68a3f543\" data-element_type=\"widget\" data-e-type=\"widget\" data-widget_type=\"hub_fancy_heading.default\">\n\t\t\t\t<div class=\"elementor-widget-container\">\n\t\t\t\t\t\n\t\t<div id=\"ld-fancy-heading-69e510daf06f9\" class=\"ld-fancy-heading pos-rel\">\n\t\t\t<p class=\"ld-fh-element d-inline-block pos-rel  lqd-highlight-classic lqd-highlight-grow-left p\"  > The tabletop is made from MDF and finished with either matte or glossy lacquer. Metal strips along the edges are painted in the desired color. The width can be adjusted between 220 cm and 260 cm, but the depth should not be reduced to ensure a minimum 20 cm clearance between the table and chairs; due to the leg structure, major changes to width or depth are not recommended. The table legs are also made from MDF, with the upper part shaped into a conical form through layered cutting, finished with matte or glossy lacquer. A metal cylindrical profile between the two legs provides structural support and can be painted in any desired color. The leg height is fixed at 72 cm and cannot be modified.<\/p>\t\t<\/div>\n\n\t\t\t\t\t\t<\/div>\n\t\t\t\t<\/div>\n\t\t\t\t<div class=\"elementor-element elementor-element-5b1b9ea0 elementor-widget-divider--view-line elementor-widget elementor-widget-divider\" data-id=\"5b1b9ea0\" data-element_type=\"widget\" data-e-type=\"widget\" data-widget_type=\"divider.default\">\n\t\t\t\t<div class=\"elementor-widget-container\">\n\t\t\t\t\t\t\t<div class=\"elementor-divider\">\n\t\t\t<span class=\"elementor-divider-separator\">\n\t\t\t\t\t\t<\/span>\n\t\t<\/div>\n\t\t\t\t\t\t<\/div>\n\t\t\t\t<\/div>\n\t\t\t\t<section class=\"elementor-section elementor-inner-section elementor-element elementor-element-c36ecd6 elementor-section-boxed elementor-section-height-default elementor-section-height-default\" data-id=\"c36ecd6\" data-element_type=\"section\" data-e-type=\"section\">\n\t\t\t\t\t\t<div class=\"elementor-container elementor-column-gap-default\">\n\t\t\t\t\t<div class=\"elementor-column elementor-col-50 elementor-inner-column elementor-element elementor-element-38414566\" data-id=\"38414566\" data-element_type=\"column\" data-e-type=\"column\">\n\t\t\t<div class=\"elementor-widget-wrap elementor-element-populated\">\n\t\t\t\t\t\t<div class=\"elementor-element elementor-element-4a550074 elementor-widget elementor-widget-ld_button\" data-id=\"4a550074\" data-element_type=\"widget\" data-e-type=\"widget\" data-widget_type=\"ld_button.default\">\n\t\t\t\t<div class=\"elementor-widget-container\">\n\t\t\t\t\t\n\t\t\t<a\n\t\t\t\thref=\"https:\/\/norde.com.tr\/dwg-folder\/norde-i-cone-masa.dwg\"class=\"elementor-button btn btn-solid btn-xsm btn-icon-shaped btn-has-label\"\t\t\t>\n\t\t\t\t\t\t\t\t\t<span data-text=\"Autocad\" class=\"btn-txt\">\n\t\t\t\t\t\tAutocad\t\t\t\t\t<\/span>\n\t\t\t\t\t\t\t\t\t\t\t<\/a>\n\t\t\t\t\t\t\t<\/div>\n\t\t\t\t<\/div>\n\t\t\t\t\t<\/div>\n\t\t<\/div>\n\t\t\t\t<div class=\"elementor-column elementor-col-50 elementor-inner-column elementor-element elementor-element-5fe077d5\" data-id=\"5fe077d5\" data-element_type=\"column\" data-e-type=\"column\">\n\t\t\t<div class=\"elementor-widget-wrap\">\n\t\t\t\t\t\t\t<\/div>\n\t\t<\/div>\n\t\t\t\t\t<\/div>\n\t\t<\/section>\n\t\t\t\t\t<\/div>\n\t\t<\/div>\n\t\t\t\t<div class=\"elementor-column elementor-col-50 elementor-top-column elementor-element elementor-element-15d70d85\" data-id=\"15d70d85\" data-element_type=\"column\" data-e-type=\"column\">\n\t\t\t<div class=\"elementor-widget-wrap elementor-element-populated\">\n\t\t\t\t\t\t<div class=\"elementor-element elementor-element-1c73ada1 elementor-widget elementor-widget-ld_fancy_image\" data-id=\"1c73ada1\" data-element_type=\"widget\" data-e-type=\"widget\" data-widget_type=\"ld_fancy_image.default\">\n\t\t\t\t<div class=\"elementor-widget-container\">\n\t\t\t\t\t\n\t\t<div class=\"lqd-imggrp-single d-block pos-rel \">\n\t\t\t<div class=\"lqd-imggrp-img-container d-inline-flex pos-rel align-items-center justify-content-center \">\n\t\t\t\t\t\t\t\t<figure class=\"w-100 pos-rel\">\n\t\t\t\t\t<img fetchpriority=\"high\" decoding=\"async\" width=\"1600\" height=\"675\" src=\"https:\/\/www.norde.com.tr\/wp-content\/uploads\/2025\/01\/Norde-I-Cone-Table.jpg\" class=\"attachment-full size-full wp-image-30842\" alt=\"\" srcset=\"https:\/\/www.norde.com.tr\/wp-content\/uploads\/2025\/01\/Norde-I-Cone-Table.jpg 1600w, https:\/\/www.norde.com.tr\/wp-content\/uploads\/2025\/01\/Norde-I-Cone-Table-800x338.jpg 800w, https:\/\/www.norde.com.tr\/wp-content\/uploads\/2025\/01\/Norde-I-Cone-Table-1400x591.jpg 1400w, https:\/\/www.norde.com.tr\/wp-content\/uploads\/2025\/01\/Norde-I-Cone-Table-1536x648.jpg 1536w\" sizes=\"(max-width: 1600px) 100vw, 1600px\" itemprop=\"image\" \/>\t\t\t\t\t\t\t\t\t\t\t\t\t\t\t\t\t\t\t\t\t\t\t\t\t\t\t\t\t<\/figure>\n\t\t\t<\/div>\n\t\t<\/div>\n\n\t\t\t\t\t<\/div>\n\t\t\t\t<\/div>\n\t\t\t\t\t<\/div>\n\t\t<\/div>\n\t\t\t\t\t<\/div>\n\t\t<\/section>\n\t\t\t\t<\/div>\n\t\t","protected":false},"excerpt":{"rendered":"<p>I-CONE TABLE I-CONE TABLE TABLES Technical Specification The tabletop is made from MDF and finished with either matte or glossy lacquer. Metal strips along the edges are painted in the desired color. The width can be adjusted between 220 cm and 260 cm, but the depth should not be reduced to ensure a minimum 20 [&hellip;]<\/p>\n","protected":false},"author":1,"featured_media":30843,"parent":1677,"menu_order":0,"comment_status":"closed","ping_status":"closed","template":"","meta":{"footnotes":""},"yst_prominent_words":[],"class_list":["post-34300","page","type-page","status-publish","has-post-thumbnail","hentry"],"_links":{"self":[{"href":"https:\/\/www.norde.com.tr\/en\/wp-json\/wp\/v2\/pages\/34300","targetHints":{"allow":["GET"]}}],"collection":[{"href":"https:\/\/www.norde.com.tr\/en\/wp-json\/wp\/v2\/pages"}],"about":[{"href":"https:\/\/www.norde.com.tr\/en\/wp-json\/wp\/v2\/types\/page"}],"author":[{"embeddable":true,"href":"https:\/\/www.norde.com.tr\/en\/wp-json\/wp\/v2\/users\/1"}],"replies":[{"embeddable":true,"href":"https:\/\/www.norde.com.tr\/en\/wp-json\/wp\/v2\/comments?post=34300"}],"version-history":[{"count":5,"href":"https:\/\/www.norde.com.tr\/en\/wp-json\/wp\/v2\/pages\/34300\/revisions"}],"predecessor-version":[{"id":34306,"href":"https:\/\/www.norde.com.tr\/en\/wp-json\/wp\/v2\/pages\/34300\/revisions\/34306"}],"up":[{"embeddable":true,"href":"https:\/\/www.norde.com.tr\/en\/wp-json\/wp\/v2\/pages\/1677"}],"wp:featuredmedia":[{"embeddable":true,"href":"https:\/\/www.norde.com.tr\/en\/wp-json\/wp\/v2\/media\/30843"}],"wp:attachment":[{"href":"https:\/\/www.norde.com.tr\/en\/wp-json\/wp\/v2\/media?parent=34300"}],"wp:term":[{"taxonomy":"yst_prominent_words","embeddable":true,"href":"https:\/\/www.norde.com.tr\/en\/wp-json\/wp\/v2\/yst_prominent_words?post=34300"}],"curies":[{"name":"wp","href":"https:\/\/api.w.org\/{rel}","templated":true}]}}