{"id":36821,"date":"2026-04-19T00:10:21","date_gmt":"2026-04-18T21:10:21","guid":{"rendered":"https:\/\/www.norde.com.tr\/?page_id=36821"},"modified":"2026-04-19T00:11:13","modified_gmt":"2026-04-18T21:11:13","slug":"niora-pouf","status":"publish","type":"page","link":"https:\/\/www.norde.com.tr\/en\/products\/poufs\/niora-pouf\/","title":{"rendered":"NIORA POUF"},"content":{"rendered":"\t\t<div data-elementor-type=\"wp-page\" data-elementor-id=\"36821\" class=\"elementor elementor-36821\" data-elementor-post-type=\"page\">\n\t\t\t\t\t\t<section class=\"elementor-section elementor-top-section elementor-element elementor-element-77aedfe1 elementor-section-height-min-height animated-slow elementor-section-boxed elementor-section-height-default elementor-section-items-middle\" data-id=\"77aedfe1\" data-element_type=\"section\" data-e-type=\"section\" data-settings=\"{&quot;background_background&quot;:&quot;classic&quot;,&quot;animation&quot;:&quot;none&quot;}\">\n\t\t\t\t\t\t\t<div class=\"elementor-background-overlay\"><\/div>\n\t\t\t\t\t\t\t<div class=\"elementor-container elementor-column-gap-default\">\n\t\t\t\t\t<div class=\"elementor-column elementor-col-100 elementor-top-column elementor-element elementor-element-3bfabeb1\" data-id=\"3bfabeb1\" data-element_type=\"column\" data-e-type=\"column\">\n\t\t\t<div class=\"elementor-widget-wrap elementor-element-populated\">\n\t\t\t\t\t\t<div class=\"elementor-element elementor-element-12a2f1d1 elementor-widget elementor-widget-hub_fancy_heading\" data-id=\"12a2f1d1\" data-element_type=\"widget\" data-e-type=\"widget\" data-widget_type=\"hub_fancy_heading.default\">\n\t\t\t\t<div class=\"elementor-widget-container\">\n\t\t\t\t\t\n\t\t<div id=\"ld-fancy-heading-6a048973b977b\" class=\"ld-fancy-heading pos-rel\">\n\t\t\t<h1 class=\"ld-fh-element d-inline-block pos-rel  elementor-heading-title lqd-highlight-classic lqd-highlight-grow-left h1\"  > NIORA POUF<\/h1>\t\t<\/div>\n\n\t\t\t\t\t\t<\/div>\n\t\t\t\t<\/div>\n\t\t\t\t\t<\/div>\n\t\t<\/div>\n\t\t\t\t\t<\/div>\n\t\t<\/section>\n\t\t\t\t<section class=\"elementor-section elementor-top-section elementor-element elementor-element-46ae982f elementor-section-full_width elementor-section-height-default elementor-section-height-default\" data-id=\"46ae982f\" data-element_type=\"section\" data-e-type=\"section\">\n\t\t\t\t\t\t<div class=\"elementor-container elementor-column-gap-default\">\n\t\t\t\t\t<div class=\"elementor-column elementor-col-100 elementor-top-column elementor-element elementor-element-163f8f66\" data-id=\"163f8f66\" data-element_type=\"column\" data-e-type=\"column\">\n\t\t\t<div class=\"elementor-widget-wrap elementor-element-populated\">\n\t\t\t\t\t\t<section class=\"elementor-section elementor-inner-section elementor-element elementor-element-3d271b31 elementor-section-boxed elementor-section-height-default elementor-section-height-default\" data-id=\"3d271b31\" data-element_type=\"section\" data-e-type=\"section\">\n\t\t\t\t\t\t<div class=\"elementor-container elementor-column-gap-default\">\n\t\t\t\t\t<div class=\"elementor-column elementor-col-100 elementor-inner-column elementor-element elementor-element-3eb18aaf\" data-id=\"3eb18aaf\" data-element_type=\"column\" data-e-type=\"column\">\n\t\t\t<div class=\"elementor-widget-wrap elementor-element-populated\">\n\t\t\t\t\t\t<div class=\"elementor-element elementor-element-41eb71 elementor-widget elementor-widget-hub_fancy_heading\" data-id=\"41eb71\" data-element_type=\"widget\" data-e-type=\"widget\" data-widget_type=\"hub_fancy_heading.default\">\n\t\t\t\t<div class=\"elementor-widget-container\">\n\t\t\t\t\t\n\t\t<div id=\"ld-fancy-heading-6a048973ba1b3\" class=\"ld-fancy-heading pos-rel\">\n\t\t\t<h2 class=\"ld-fh-element d-inline-block pos-rel  elementor-heading-title lqd-highlight-classic lqd-highlight-grow-left h2\"  > NIORA POUF<\/h2>\t\t<\/div>\n\n\t\t\t\t\t\t<\/div>\n\t\t\t\t<\/div>\n\t\t\t\t<div class=\"elementor-element elementor-element-8c8ebdd elementor-widget elementor-widget-hub_fancy_heading\" data-id=\"8c8ebdd\" data-element_type=\"widget\" data-e-type=\"widget\" data-widget_type=\"hub_fancy_heading.default\">\n\t\t\t\t<div class=\"elementor-widget-container\">\n\t\t\t\t\t\n\t\t<div id=\"ld-fancy-heading-6a048973ba9c8\" class=\"ld-fancy-heading pos-rel\">\n\t\t\t<p class=\"ld-fh-element d-inline-block pos-rel  lqd-highlight-classic lqd-highlight-grow-left p\" ><a href=\"https:\/\/www.norde.com.tr\/urunler\/puflar\/\" > POUFS<\/a><\/p>\t\t<\/div>\n\n\t\t\t\t\t\t<\/div>\n\t\t\t\t<\/div>\n\t\t\t\t<div class=\"elementor-element elementor-element-6520d526 elementor-widget elementor-widget-ld_button\" data-id=\"6520d526\" data-element_type=\"widget\" data-e-type=\"widget\" data-widget_type=\"ld_button.default\">\n\t\t\t\t<div class=\"elementor-widget-container\">\n\t\t\t\t\t\n\t\t\t<a\n\t\t\t\thref=\"https:\/\/norde.com.tr\/technical-specifications\/niora-pouf-technical-specifications.pdf\" target=\"_blank\"class=\"elementor-button btn btn-solid btn-hover-txt-liquid-x btn-xsm btn-icon-right btn-hover-swp btn-has-label\"\t\t\t>\n\t\t\t\t\t\t\t\t\t<span data-text=\"Technical Specification\" class=\"btn-txt\" data-transition-delay=\"true\" data-delay-options=\"{&quot;elements&quot;: &quot;.lqd-chars&quot;, &quot;delayType&quot;: &quot;animation&quot;, &quot;startDelay&quot;: 0, &quot;delayBetween&quot;: 32.5}\" data-split-text=\"true\" data-split-options=\"{&quot;type&quot;: &quot;chars, words&quot;}\">\n\t\t\t\t\t\tTechnical Specification\t\t\t\t\t<\/span>\n\t\t\t\t\t\t\t\t\t\t\t\t\t\t<span class=\"btn-icon\">\n\t\t\t\t\t\t\t<i aria-hidden=\"true\" class=\"fas fa-sign-out-alt\"><\/i>\t\t\t\t\t\t<\/span>\n\t\t\t\t\t\t\t\t\t\t\t\t<span class=\"btn-icon\">\n\t\t\t\t\t\t\t<i aria-hidden=\"true\" class=\"fas fa-sign-out-alt\"><\/i>\t\t\t\t\t\t<\/span>\n\t\t\t\t\t\t\t\t\t<\/a>\n\t\t\t\t\t\t\t<\/div>\n\t\t\t\t<\/div>\n\t\t\t\t\t<\/div>\n\t\t<\/div>\n\t\t\t\t\t<\/div>\n\t\t<\/section>\n\t\t\t\t\t<\/div>\n\t\t<\/div>\n\t\t\t\t\t<\/div>\n\t\t<\/section>\n\t\t\t\t<section class=\"elementor-section elementor-top-section elementor-element elementor-element-112e0a85 elementor-section-full_width elementor-section-stretched elementor-section-height-default elementor-section-height-default\" data-id=\"112e0a85\" data-element_type=\"section\" data-e-type=\"section\" data-settings=\"{&quot;stretch_section&quot;:&quot;section-stretched&quot;}\">\n\t\t\t\t\t\t<div class=\"elementor-container elementor-column-gap-no\">\n\t\t\t\t\t<div class=\"elementor-column elementor-col-100 elementor-top-column elementor-element elementor-element-76473486\" data-id=\"76473486\" data-element_type=\"column\" data-e-type=\"column\">\n\t\t\t<div class=\"elementor-widget-wrap elementor-element-populated\">\n\t\t\t\t\t\t<div class=\"elementor-element elementor-element-501474b9 elementor-arrows-position-outside elementor-pagination-position-outside elementor-widget elementor-widget-image-carousel\" data-id=\"501474b9\" data-element_type=\"widget\" data-e-type=\"widget\" data-settings=\"{&quot;slides_to_show&quot;:&quot;2&quot;,&quot;autoplay&quot;:&quot;no&quot;,&quot;infinite&quot;:&quot;no&quot;,&quot;image_spacing_custom&quot;:{&quot;unit&quot;:&quot;px&quot;,&quot;size&quot;:40,&quot;sizes&quot;:[]},&quot;navigation&quot;:&quot;both&quot;,&quot;speed&quot;:500,&quot;image_spacing_custom_tablet&quot;:{&quot;unit&quot;:&quot;px&quot;,&quot;size&quot;:&quot;&quot;,&quot;sizes&quot;:[]},&quot;image_spacing_custom_mobile&quot;:{&quot;unit&quot;:&quot;px&quot;,&quot;size&quot;:&quot;&quot;,&quot;sizes&quot;:[]}}\" data-widget_type=\"image-carousel.default\">\n\t\t\t\t<div class=\"elementor-widget-container\">\n\t\t\t\t\t\t\t<div class=\"elementor-image-carousel-wrapper swiper\" role=\"region\" aria-roledescription=\"carousel\" aria-label=\"Resim D\u00f6ng\u00fcs\u00fc\" dir=\"ltr\">\n\t\t\t<div class=\"elementor-image-carousel swiper-wrapper\" aria-live=\"polite\">\n\t\t\t\t\t\t\t\t<div class=\"swiper-slide\" role=\"group\" aria-roledescription=\"slide\" aria-label=\"1 of 3\"><a data-elementor-open-lightbox=\"yes\" data-elementor-lightbox-slideshow=\"501474b9\" data-elementor-lightbox-title=\"Norde Niora Puf\" data-e-action-hash=\"#elementor-action%3Aaction%3Dlightbox%26settings%3DeyJpZCI6MzY2NTMsInVybCI6Imh0dHBzOlwvXC93d3cubm9yZGUuY29tLnRyXC93cC1jb250ZW50XC91cGxvYWRzXC8yMDI2XC8wM1wvTm9yZGUtTmlvcmEtUHVmLmpwZyIsInNsaWRlc2hvdyI6IjUwMTQ3NGI5In0%3D\" href=\"https:\/\/www.norde.com.tr\/wp-content\/uploads\/2026\/03\/Norde-Niora-Puf.jpg\"><figure class=\"swiper-slide-inner\"><img decoding=\"async\" class=\"swiper-slide-image\" src=\"https:\/\/www.norde.com.tr\/wp-content\/uploads\/2026\/03\/Norde-Niora-Puf.jpg\" alt=\"Norde Niora Puf\" \/><\/figure><\/a><\/div><div class=\"swiper-slide\" role=\"group\" aria-roledescription=\"slide\" aria-label=\"2 of 3\"><a data-elementor-open-lightbox=\"yes\" data-elementor-lightbox-slideshow=\"501474b9\" data-elementor-lightbox-title=\"Norde Niora Puf-2\" data-e-action-hash=\"#elementor-action%3Aaction%3Dlightbox%26settings%3DeyJpZCI6MzY2NTUsInVybCI6Imh0dHBzOlwvXC93d3cubm9yZGUuY29tLnRyXC93cC1jb250ZW50XC91cGxvYWRzXC8yMDI2XC8wM1wvTm9yZGUtTmlvcmEtUHVmLTIuanBnIiwic2xpZGVzaG93IjoiNTAxNDc0YjkifQ%3D%3D\" href=\"https:\/\/www.norde.com.tr\/wp-content\/uploads\/2026\/03\/Norde-Niora-Puf-2.jpg\"><figure class=\"swiper-slide-inner\"><img decoding=\"async\" class=\"swiper-slide-image\" src=\"https:\/\/www.norde.com.tr\/wp-content\/uploads\/2026\/03\/Norde-Niora-Puf-2.jpg\" alt=\"Norde Niora Puf-2\" \/><\/figure><\/a><\/div><div class=\"swiper-slide\" role=\"group\" aria-roledescription=\"slide\" aria-label=\"3 of 3\"><a data-elementor-open-lightbox=\"yes\" data-elementor-lightbox-slideshow=\"501474b9\" data-elementor-lightbox-title=\"Norde Niora Puf-3\" data-e-action-hash=\"#elementor-action%3Aaction%3Dlightbox%26settings%3DeyJpZCI6MzY2NTcsInVybCI6Imh0dHBzOlwvXC93d3cubm9yZGUuY29tLnRyXC93cC1jb250ZW50XC91cGxvYWRzXC8yMDI2XC8wM1wvTm9yZGUtTmlvcmEtUHVmLTMuanBnIiwic2xpZGVzaG93IjoiNTAxNDc0YjkifQ%3D%3D\" href=\"https:\/\/www.norde.com.tr\/wp-content\/uploads\/2026\/03\/Norde-Niora-Puf-3.jpg\"><figure class=\"swiper-slide-inner\"><img decoding=\"async\" class=\"swiper-slide-image\" src=\"https:\/\/www.norde.com.tr\/wp-content\/uploads\/2026\/03\/Norde-Niora-Puf-3.jpg\" alt=\"Norde Niora Puf-3\" \/><\/figure><\/a><\/div>\t\t\t<\/div>\n\t\t\t\t\t\t\t\t\t\t\t\t<div class=\"elementor-swiper-button elementor-swiper-button-prev\" role=\"button\" tabindex=\"0\">\n\t\t\t\t\t\t<i aria-hidden=\"true\" class=\"eicon-chevron-left\"><\/i>\t\t\t\t\t<\/div>\n\t\t\t\t\t<div class=\"elementor-swiper-button elementor-swiper-button-next\" role=\"button\" tabindex=\"0\">\n\t\t\t\t\t\t<i aria-hidden=\"true\" class=\"eicon-chevron-right\"><\/i>\t\t\t\t\t<\/div>\n\t\t\t\t\n\t\t\t\t\t\t\t\t\t<div class=\"swiper-pagination\"><\/div>\n\t\t\t\t\t\t\t\t\t<\/div>\n\t\t\t\t\t\t<\/div>\n\t\t\t\t<\/div>\n\t\t\t\t\t<\/div>\n\t\t<\/div>\n\t\t\t\t\t<\/div>\n\t\t<\/section>\n\t\t\t\t<section class=\"elementor-section elementor-top-section elementor-element elementor-element-2493e7c8 elementor-section-full_width elementor-section-height-default elementor-section-height-default\" data-id=\"2493e7c8\" data-element_type=\"section\" data-e-type=\"section\">\n\t\t\t\t\t\t<div class=\"elementor-container elementor-column-gap-default\">\n\t\t\t\t\t<div class=\"elementor-column elementor-col-50 elementor-top-column elementor-element elementor-element-5cd055a3\" data-id=\"5cd055a3\" data-element_type=\"column\" data-e-type=\"column\">\n\t\t\t<div class=\"elementor-widget-wrap elementor-element-populated\">\n\t\t\t\t\t\t<div class=\"elementor-element elementor-element-23c9f4e4 elementor-widget elementor-widget-hub_fancy_heading\" data-id=\"23c9f4e4\" data-element_type=\"widget\" data-e-type=\"widget\" data-widget_type=\"hub_fancy_heading.default\">\n\t\t\t\t<div class=\"elementor-widget-container\">\n\t\t\t\t\t\n\t\t<div id=\"ld-fancy-heading-6a048973bce3a\" class=\"ld-fancy-heading pos-rel\">\n\t\t\t\t\t<\/div>\n\n\t\t\t\t\t\t<\/div>\n\t\t\t\t<\/div>\n\t\t\t\t<div class=\"elementor-element elementor-element-47f18654 elementor-widget-divider--view-line elementor-widget elementor-widget-divider\" data-id=\"47f18654\" data-element_type=\"widget\" data-e-type=\"widget\" data-widget_type=\"divider.default\">\n\t\t\t\t<div class=\"elementor-widget-container\">\n\t\t\t\t\t\t\t<div class=\"elementor-divider\">\n\t\t\t<span class=\"elementor-divider-separator\">\n\t\t\t\t\t\t<\/span>\n\t\t<\/div>\n\t\t\t\t\t\t<\/div>\n\t\t\t\t<\/div>\n\t\t\t\t<section class=\"elementor-section elementor-inner-section elementor-element elementor-element-67673d4f elementor-section-boxed elementor-section-height-default elementor-section-height-default\" data-id=\"67673d4f\" data-element_type=\"section\" data-e-type=\"section\">\n\t\t\t\t\t\t<div class=\"elementor-container elementor-column-gap-default\">\n\t\t\t\t\t<div class=\"elementor-column elementor-col-50 elementor-inner-column elementor-element elementor-element-259d3fa1\" data-id=\"259d3fa1\" data-element_type=\"column\" data-e-type=\"column\">\n\t\t\t<div class=\"elementor-widget-wrap elementor-element-populated\">\n\t\t\t\t\t\t<div class=\"elementor-element elementor-element-1fc041bd elementor-widget elementor-widget-ld_button\" data-id=\"1fc041bd\" data-element_type=\"widget\" data-e-type=\"widget\" data-widget_type=\"ld_button.default\">\n\t\t\t\t<div class=\"elementor-widget-container\">\n\t\t\t\t\t\n\t\t\t<a\n\t\t\t\thref=\"https:\/\/norde.com.tr\/dwg-folder\/norde-niora-masa.dwg\"class=\"elementor-button btn btn-solid btn-xsm btn-icon-shaped btn-has-label\"\t\t\t>\n\t\t\t\t\t\t\t\t\t<span data-text=\"Autocad\" class=\"btn-txt\">\n\t\t\t\t\t\tAutocad\t\t\t\t\t<\/span>\n\t\t\t\t\t\t\t\t\t\t\t<\/a>\n\t\t\t\t\t\t\t<\/div>\n\t\t\t\t<\/div>\n\t\t\t\t\t<\/div>\n\t\t<\/div>\n\t\t\t\t<div class=\"elementor-column elementor-col-50 elementor-inner-column elementor-element elementor-element-532b10af\" data-id=\"532b10af\" data-element_type=\"column\" data-e-type=\"column\">\n\t\t\t<div class=\"elementor-widget-wrap\">\n\t\t\t\t\t\t\t<\/div>\n\t\t<\/div>\n\t\t\t\t\t<\/div>\n\t\t<\/section>\n\t\t\t\t\t<\/div>\n\t\t<\/div>\n\t\t\t\t<div class=\"elementor-column elementor-col-50 elementor-top-column elementor-element elementor-element-17d2977f\" data-id=\"17d2977f\" data-element_type=\"column\" data-e-type=\"column\">\n\t\t\t<div class=\"elementor-widget-wrap elementor-element-populated\">\n\t\t\t\t\t\t<div class=\"elementor-element elementor-element-4845489c elementor-widget elementor-widget-ld_fancy_image\" data-id=\"4845489c\" data-element_type=\"widget\" data-e-type=\"widget\" data-widget_type=\"ld_fancy_image.default\">\n\t\t\t\t<div class=\"elementor-widget-container\">\n\t\t\t\t\t\n\t\t<div class=\"lqd-imggrp-single d-block pos-rel \">\n\t\t\t<div class=\"lqd-imggrp-img-container d-inline-flex pos-rel align-items-center justify-content-center \">\n\t\t\t\t\t\t\t\t<figure class=\"w-100 pos-rel\">\n\t\t\t\t\t<img fetchpriority=\"high\" decoding=\"async\" width=\"1600\" height=\"675\" src=\"https:\/\/www.norde.com.tr\/wp-content\/uploads\/2026\/03\/Norde-Niora-Puf.jpg\" class=\"attachment-full size-full wp-image-36653\" alt=\"\" srcset=\"https:\/\/www.norde.com.tr\/wp-content\/uploads\/2026\/03\/Norde-Niora-Puf.jpg 1600w, https:\/\/www.norde.com.tr\/wp-content\/uploads\/2026\/03\/Norde-Niora-Puf-800x338.jpg 800w, https:\/\/www.norde.com.tr\/wp-content\/uploads\/2026\/03\/Norde-Niora-Puf-1400x591.jpg 1400w, https:\/\/www.norde.com.tr\/wp-content\/uploads\/2026\/03\/Norde-Niora-Puf-1536x648.jpg 1536w\" sizes=\"(max-width: 1600px) 100vw, 1600px\" itemprop=\"image\" \/>\t\t\t\t\t\t\t\t\t\t\t\t\t\t\t\t\t\t\t\t\t\t\t\t\t\t\t\t\t<\/figure>\n\t\t\t<\/div>\n\t\t<\/div>\n\n\t\t\t\t\t<\/div>\n\t\t\t\t<\/div>\n\t\t\t\t\t<\/div>\n\t\t<\/div>\n\t\t\t\t\t<\/div>\n\t\t<\/section>\n\t\t\t\t<\/div>\n\t\t","protected":false},"excerpt":{"rendered":"<p>NIORA POUF NIORA POUF POUFS Technical Specification Autocad<\/p>\n","protected":false},"author":1,"featured_media":36654,"parent":1100,"menu_order":0,"comment_status":"closed","ping_status":"closed","template":"","meta":{"footnotes":""},"class_list":["post-36821","page","type-page","status-publish","has-post-thumbnail","hentry"],"yoast_head":"<!-- This site is optimized with the Yoast SEO Premium plugin v27.5 (Yoast SEO v27.6) - https:\/\/yoast.com\/product\/yoast-seo-premium-wordpress\/ -->\n<title>NIORA POUF &#8211; Norde<\/title>\n<meta name=\"description\" content=\"Each single precision made Daisy Chair is a journey of discovery and exploration for innovative and timeless design to meet you.\" \/>\n<meta name=\"robots\" content=\"index, follow, max-snippet:-1, max-image-preview:large, max-video-preview:-1\" \/>\n<link rel=\"canonical\" href=\"https:\/\/www.norde.com.tr\/urunler\/puflar\/niora-puf\/\" \/>\n<meta property=\"og:locale\" content=\"en_US\" \/>\n<meta property=\"og:type\" content=\"article\" \/>\n<meta property=\"og:title\" content=\"NIORA POUF\" \/>\n<meta property=\"og:description\" content=\"Each single precision made Daisy Chair is a journey of discovery and exploration for innovative and timeless design to meet you.\" \/>\n<meta property=\"og:url\" content=\"https:\/\/www.norde.com.tr\/urunler\/puflar\/niora-puf\/\" \/>\n<meta property=\"og:site_name\" content=\"Norde\" \/>\n<meta property=\"article:publisher\" content=\"https:\/\/www.facebook.com\/nordefurniture\" \/>\n<meta property=\"article:modified_time\" content=\"2026-04-18T21:11:13+00:00\" \/>\n<meta property=\"og:image\" content=\"https:\/\/www.norde.com.tr\/wp-content\/uploads\/2026\/03\/Norde-Niora-Puf.jpg\" \/>\n\t<meta property=\"og:image:width\" content=\"1600\" \/>\n\t<meta property=\"og:image:height\" content=\"675\" \/>\n\t<meta property=\"og:image:type\" content=\"image\/jpeg\" \/>\n<meta name=\"twitter:card\" content=\"summary_large_image\" \/>\n<script type=\"application\/ld+json\" class=\"yoast-schema-graph\">{\"@context\":\"https:\\\/\\\/schema.org\",\"@graph\":[{\"@type\":\"WebPage\",\"@id\":\"https:\\\/\\\/www.norde.com.tr\\\/urunler\\\/puflar\\\/niora-puf\\\/\",\"url\":\"https:\\\/\\\/www.norde.com.tr\\\/urunler\\\/puflar\\\/niora-puf\\\/\",\"name\":\"NIORA POUF &#8211; Norde\",\"isPartOf\":{\"@id\":\"https:\\\/\\\/www.norde.com.tr\\\/#website\"},\"primaryImageOfPage\":{\"@id\":\"https:\\\/\\\/www.norde.com.tr\\\/urunler\\\/puflar\\\/niora-puf\\\/#primaryimage\"},\"image\":{\"@id\":\"https:\\\/\\\/www.norde.com.tr\\\/urunler\\\/puflar\\\/niora-puf\\\/#primaryimage\"},\"thumbnailUrl\":\"https:\\\/\\\/www.norde.com.tr\\\/wp-content\\\/uploads\\\/2026\\\/03\\\/Norde-Niora-Puf.jpg\",\"datePublished\":\"2026-04-18T21:10:21+00:00\",\"dateModified\":\"2026-04-18T21:11:13+00:00\",\"description\":\"Each single precision made Daisy Chair is a journey of discovery and exploration for innovative and timeless design to meet you.\",\"breadcrumb\":{\"@id\":\"https:\\\/\\\/www.norde.com.tr\\\/urunler\\\/puflar\\\/niora-puf\\\/#breadcrumb\"},\"inLanguage\":\"en-US\",\"potentialAction\":[{\"@type\":\"ReadAction\",\"target\":[\"https:\\\/\\\/www.norde.com.tr\\\/urunler\\\/puflar\\\/niora-puf\\\/\"]}]},{\"@type\":\"ImageObject\",\"inLanguage\":\"en-US\",\"@id\":\"https:\\\/\\\/www.norde.com.tr\\\/urunler\\\/puflar\\\/niora-puf\\\/#primaryimage\",\"url\":\"https:\\\/\\\/www.norde.com.tr\\\/wp-content\\\/uploads\\\/2026\\\/03\\\/Norde-Niora-Puf.jpg\",\"contentUrl\":\"https:\\\/\\\/www.norde.com.tr\\\/wp-content\\\/uploads\\\/2026\\\/03\\\/Norde-Niora-Puf.jpg\",\"width\":1600,\"height\":675},{\"@type\":\"BreadcrumbList\",\"@id\":\"https:\\\/\\\/www.norde.com.tr\\\/urunler\\\/puflar\\\/niora-puf\\\/#breadcrumb\",\"itemListElement\":[{\"@type\":\"ListItem\",\"position\":1,\"name\":\"Home\",\"item\":\"https:\\\/\\\/www.norde.com.tr\\\/en\\\/\"},{\"@type\":\"ListItem\",\"position\":2,\"name\":\"Products\",\"item\":\"https:\\\/\\\/www.norde.com.tr\\\/en\\\/products\\\/\"},{\"@type\":\"ListItem\",\"position\":3,\"name\":\"Poufs\",\"item\":\"https:\\\/\\\/www.norde.com.tr\\\/en\\\/products\\\/poufs\\\/\"},{\"@type\":\"ListItem\",\"position\":4,\"name\":\"NIORA POUF\"}]},{\"@type\":\"WebSite\",\"@id\":\"https:\\\/\\\/www.norde.com.tr\\\/#website\",\"url\":\"https:\\\/\\\/www.norde.com.tr\\\/\",\"name\":\"Norde\",\"description\":\"\u00d6zenle \u00dcretilen Estetik Mobilyalar\",\"publisher\":{\"@id\":\"https:\\\/\\\/www.norde.com.tr\\\/#organization\"},\"potentialAction\":[{\"@type\":\"SearchAction\",\"target\":{\"@type\":\"EntryPoint\",\"urlTemplate\":\"https:\\\/\\\/www.norde.com.tr\\\/?s={search_term_string}\"},\"query-input\":{\"@type\":\"PropertyValueSpecification\",\"valueRequired\":true,\"valueName\":\"search_term_string\"}}],\"inLanguage\":\"en-US\"},{\"@type\":\"Organization\",\"@id\":\"https:\\\/\\\/www.norde.com.tr\\\/#organization\",\"name\":\"Norde\",\"url\":\"https:\\\/\\\/www.norde.com.tr\\\/\",\"logo\":{\"@type\":\"ImageObject\",\"inLanguage\":\"en-US\",\"@id\":\"https:\\\/\\\/www.norde.com.tr\\\/#\\\/schema\\\/logo\\\/image\\\/\",\"url\":\"\",\"contentUrl\":\"\",\"caption\":\"Norde\"},\"image\":{\"@id\":\"https:\\\/\\\/www.norde.com.tr\\\/#\\\/schema\\\/logo\\\/image\\\/\"},\"sameAs\":[\"https:\\\/\\\/www.facebook.com\\\/nordefurniture\"]}]}<\/script>\n<!-- \/ Yoast SEO Premium plugin. -->","yoast_head_json":{"title":"NIORA POUF &#8211; Norde","description":"Each single precision made Daisy Chair is a journey of discovery and exploration for innovative and timeless design to meet you.","robots":{"index":"index","follow":"follow","max-snippet":"max-snippet:-1","max-image-preview":"max-image-preview:large","max-video-preview":"max-video-preview:-1"},"canonical":"https:\/\/www.norde.com.tr\/urunler\/puflar\/niora-puf\/","og_locale":"en_US","og_type":"article","og_title":"NIORA POUF","og_description":"Each single precision made Daisy Chair is a journey of discovery and exploration for innovative and timeless design to meet you.","og_url":"https:\/\/www.norde.com.tr\/urunler\/puflar\/niora-puf\/","og_site_name":"Norde","article_publisher":"https:\/\/www.facebook.com\/nordefurniture","article_modified_time":"2026-04-18T21:11:13+00:00","og_image":[{"width":1600,"height":675,"url":"https:\/\/www.norde.com.tr\/wp-content\/uploads\/2026\/03\/Norde-Niora-Puf.jpg","type":"image\/jpeg"}],"twitter_card":"summary_large_image","schema":{"@context":"https:\/\/schema.org","@graph":[{"@type":"WebPage","@id":"https:\/\/www.norde.com.tr\/urunler\/puflar\/niora-puf\/","url":"https:\/\/www.norde.com.tr\/urunler\/puflar\/niora-puf\/","name":"NIORA POUF &#8211; Norde","isPartOf":{"@id":"https:\/\/www.norde.com.tr\/#website"},"primaryImageOfPage":{"@id":"https:\/\/www.norde.com.tr\/urunler\/puflar\/niora-puf\/#primaryimage"},"image":{"@id":"https:\/\/www.norde.com.tr\/urunler\/puflar\/niora-puf\/#primaryimage"},"thumbnailUrl":"https:\/\/www.norde.com.tr\/wp-content\/uploads\/2026\/03\/Norde-Niora-Puf.jpg","datePublished":"2026-04-18T21:10:21+00:00","dateModified":"2026-04-18T21:11:13+00:00","description":"Each single precision made Daisy Chair is a journey of discovery and exploration for innovative and timeless design to meet you.","breadcrumb":{"@id":"https:\/\/www.norde.com.tr\/urunler\/puflar\/niora-puf\/#breadcrumb"},"inLanguage":"en-US","potentialAction":[{"@type":"ReadAction","target":["https:\/\/www.norde.com.tr\/urunler\/puflar\/niora-puf\/"]}]},{"@type":"ImageObject","inLanguage":"en-US","@id":"https:\/\/www.norde.com.tr\/urunler\/puflar\/niora-puf\/#primaryimage","url":"https:\/\/www.norde.com.tr\/wp-content\/uploads\/2026\/03\/Norde-Niora-Puf.jpg","contentUrl":"https:\/\/www.norde.com.tr\/wp-content\/uploads\/2026\/03\/Norde-Niora-Puf.jpg","width":1600,"height":675},{"@type":"BreadcrumbList","@id":"https:\/\/www.norde.com.tr\/urunler\/puflar\/niora-puf\/#breadcrumb","itemListElement":[{"@type":"ListItem","position":1,"name":"Home","item":"https:\/\/www.norde.com.tr\/en\/"},{"@type":"ListItem","position":2,"name":"Products","item":"https:\/\/www.norde.com.tr\/en\/products\/"},{"@type":"ListItem","position":3,"name":"Poufs","item":"https:\/\/www.norde.com.tr\/en\/products\/poufs\/"},{"@type":"ListItem","position":4,"name":"NIORA POUF"}]},{"@type":"WebSite","@id":"https:\/\/www.norde.com.tr\/#website","url":"https:\/\/www.norde.com.tr\/","name":"Norde","description":"\u00d6zenle \u00dcretilen Estetik Mobilyalar","publisher":{"@id":"https:\/\/www.norde.com.tr\/#organization"},"potentialAction":[{"@type":"SearchAction","target":{"@type":"EntryPoint","urlTemplate":"https:\/\/www.norde.com.tr\/?s={search_term_string}"},"query-input":{"@type":"PropertyValueSpecification","valueRequired":true,"valueName":"search_term_string"}}],"inLanguage":"en-US"},{"@type":"Organization","@id":"https:\/\/www.norde.com.tr\/#organization","name":"Norde","url":"https:\/\/www.norde.com.tr\/","logo":{"@type":"ImageObject","inLanguage":"en-US","@id":"https:\/\/www.norde.com.tr\/#\/schema\/logo\/image\/","url":"","contentUrl":"","caption":"Norde"},"image":{"@id":"https:\/\/www.norde.com.tr\/#\/schema\/logo\/image\/"},"sameAs":["https:\/\/www.facebook.com\/nordefurniture"]}]}},"_links":{"self":[{"href":"https:\/\/www.norde.com.tr\/en\/wp-json\/wp\/v2\/pages\/36821","targetHints":{"allow":["GET"]}}],"collection":[{"href":"https:\/\/www.norde.com.tr\/en\/wp-json\/wp\/v2\/pages"}],"about":[{"href":"https:\/\/www.norde.com.tr\/en\/wp-json\/wp\/v2\/types\/page"}],"author":[{"embeddable":true,"href":"https:\/\/www.norde.com.tr\/en\/wp-json\/wp\/v2\/users\/1"}],"replies":[{"embeddable":true,"href":"https:\/\/www.norde.com.tr\/en\/wp-json\/wp\/v2\/comments?post=36821"}],"version-history":[{"count":4,"href":"https:\/\/www.norde.com.tr\/en\/wp-json\/wp\/v2\/pages\/36821\/revisions"}],"predecessor-version":[{"id":36825,"href":"https:\/\/www.norde.com.tr\/en\/wp-json\/wp\/v2\/pages\/36821\/revisions\/36825"}],"up":[{"embeddable":true,"href":"https:\/\/www.norde.com.tr\/en\/wp-json\/wp\/v2\/pages\/1100"}],"wp:featuredmedia":[{"embeddable":true,"href":"https:\/\/www.norde.com.tr\/en\/wp-json\/wp\/v2\/media\/36654"}],"wp:attachment":[{"href":"https:\/\/www.norde.com.tr\/en\/wp-json\/wp\/v2\/media?parent=36821"}],"curies":[{"name":"wp","href":"https:\/\/api.w.org\/{rel}","templated":true}]}}