{"id":36848,"date":"2026-04-21T13:46:09","date_gmt":"2026-04-21T10:46:09","guid":{"rendered":"https:\/\/www.norde.com.tr\/?page_id=36848"},"modified":"2026-05-08T15:16:56","modified_gmt":"2026-05-08T12:16:56","slug":"toprak-corner-sofa","status":"publish","type":"page","link":"https:\/\/www.norde.com.tr\/en\/products\/corner-sofas\/toprak-corner-sofa\/","title":{"rendered":"TOPRAK CORNER SOFA"},"content":{"rendered":"\t\t<div data-elementor-type=\"wp-page\" data-elementor-id=\"36848\" class=\"elementor elementor-36848\" data-elementor-post-type=\"page\">\n\t\t\t\t\t\t<section class=\"elementor-section elementor-top-section elementor-element elementor-element-8e48e0b elementor-section-height-min-height animated-slow elementor-section-boxed elementor-section-height-default elementor-section-items-middle\" data-id=\"8e48e0b\" data-element_type=\"section\" data-e-type=\"section\" data-settings=\"{&quot;background_background&quot;:&quot;classic&quot;,&quot;animation&quot;:&quot;none&quot;}\">\n\t\t\t\t\t\t\t<div class=\"elementor-background-overlay\"><\/div>\n\t\t\t\t\t\t\t<div class=\"elementor-container elementor-column-gap-default\">\n\t\t\t\t\t<div class=\"elementor-column elementor-col-100 elementor-top-column elementor-element elementor-element-26f9fb95\" data-id=\"26f9fb95\" data-element_type=\"column\" data-e-type=\"column\">\n\t\t\t<div class=\"elementor-widget-wrap elementor-element-populated\">\n\t\t\t\t\t\t<div class=\"elementor-element elementor-element-6573b149 elementor-widget elementor-widget-hub_fancy_heading\" data-id=\"6573b149\" data-element_type=\"widget\" data-e-type=\"widget\" data-widget_type=\"hub_fancy_heading.default\">\n\t\t\t\t<div class=\"elementor-widget-container\">\n\t\t\t\t\t\n\t\t<div id=\"ld-fancy-heading-6a048960921c7\" class=\"ld-fancy-heading pos-rel\">\n\t\t\t<h1 class=\"ld-fh-element d-inline-block pos-rel  elementor-heading-title lqd-highlight-classic lqd-highlight-grow-left h1\"  > TOPRAK CORNER SOFA<\/h1>\t\t<\/div>\n\n\t\t\t\t\t\t<\/div>\n\t\t\t\t<\/div>\n\t\t\t\t\t<\/div>\n\t\t<\/div>\n\t\t\t\t\t<\/div>\n\t\t<\/section>\n\t\t\t\t<section class=\"elementor-section elementor-top-section elementor-element elementor-element-1f124c6f elementor-section-full_width elementor-section-height-default elementor-section-height-default\" data-id=\"1f124c6f\" data-element_type=\"section\" data-e-type=\"section\">\n\t\t\t\t\t\t<div class=\"elementor-container elementor-column-gap-default\">\n\t\t\t\t\t<div class=\"elementor-column elementor-col-100 elementor-top-column elementor-element elementor-element-7da77b6b\" data-id=\"7da77b6b\" data-element_type=\"column\" data-e-type=\"column\">\n\t\t\t<div class=\"elementor-widget-wrap elementor-element-populated\">\n\t\t\t\t\t\t<section class=\"elementor-section elementor-inner-section elementor-element elementor-element-7e4181a2 elementor-section-boxed elementor-section-height-default elementor-section-height-default\" data-id=\"7e4181a2\" data-element_type=\"section\" data-e-type=\"section\">\n\t\t\t\t\t\t<div class=\"elementor-container elementor-column-gap-default\">\n\t\t\t\t\t<div class=\"elementor-column elementor-col-100 elementor-inner-column elementor-element elementor-element-173a7bde\" data-id=\"173a7bde\" data-element_type=\"column\" data-e-type=\"column\">\n\t\t\t<div class=\"elementor-widget-wrap elementor-element-populated\">\n\t\t\t\t\t\t<div class=\"elementor-element elementor-element-3a6cddd2 elementor-widget elementor-widget-hub_fancy_heading\" data-id=\"3a6cddd2\" data-element_type=\"widget\" data-e-type=\"widget\" data-widget_type=\"hub_fancy_heading.default\">\n\t\t\t\t<div class=\"elementor-widget-container\">\n\t\t\t\t\t\n\t\t<div id=\"ld-fancy-heading-6a04896092b8c\" class=\"ld-fancy-heading pos-rel\">\n\t\t\t<h2 class=\"ld-fh-element d-inline-block pos-rel  elementor-heading-title lqd-highlight-classic lqd-highlight-grow-left h2\"  > TOPRAK CORNER SOFA<\/h2>\t\t<\/div>\n\n\t\t\t\t\t\t<\/div>\n\t\t\t\t<\/div>\n\t\t\t\t<div class=\"elementor-element elementor-element-52d85fec elementor-widget elementor-widget-hub_fancy_heading\" data-id=\"52d85fec\" data-element_type=\"widget\" data-e-type=\"widget\" data-widget_type=\"hub_fancy_heading.default\">\n\t\t\t\t<div class=\"elementor-widget-container\">\n\t\t\t\t\t\n\t\t<div id=\"ld-fancy-heading-6a048960933b5\" class=\"ld-fancy-heading pos-rel\">\n\t\t\t<p class=\"ld-fh-element d-inline-block pos-rel  lqd-highlight-classic lqd-highlight-grow-left p\" ><a href=\"https:\/\/www.norde.com.tr\/urunler\/kose-kanepeler\/\" > CORNER SOFAS<\/a><\/p>\t\t<\/div>\n\n\t\t\t\t\t\t<\/div>\n\t\t\t\t<\/div>\n\t\t\t\t<div class=\"elementor-element elementor-element-df98848 elementor-widget elementor-widget-ld_button\" data-id=\"df98848\" data-element_type=\"widget\" data-e-type=\"widget\" data-widget_type=\"ld_button.default\">\n\t\t\t\t<div class=\"elementor-widget-container\">\n\t\t\t\t\t\n\t\t\t<a\n\t\t\t\thref=\"https:\/\/norde.com.tr\/technical-specifications\/toprak-corner-sofa-technical-specifications.pdf\" target=\"_blank\"class=\"elementor-button btn btn-solid btn-hover-txt-liquid-x btn-xsm btn-icon-right btn-hover-swp btn-has-label\"\t\t\t>\n\t\t\t\t\t\t\t\t\t<span data-text=\"Technical Specification\" class=\"btn-txt\" data-transition-delay=\"true\" data-delay-options=\"{&quot;elements&quot;: &quot;.lqd-chars&quot;, &quot;delayType&quot;: &quot;animation&quot;, &quot;startDelay&quot;: 0, &quot;delayBetween&quot;: 32.5}\" data-split-text=\"true\" data-split-options=\"{&quot;type&quot;: &quot;chars, words&quot;}\">\n\t\t\t\t\t\tTechnical Specification\t\t\t\t\t<\/span>\n\t\t\t\t\t\t\t\t\t\t\t\t\t\t<span class=\"btn-icon\">\n\t\t\t\t\t\t\t<i aria-hidden=\"true\" class=\"fas fa-sign-out-alt\"><\/i>\t\t\t\t\t\t<\/span>\n\t\t\t\t\t\t\t\t\t\t\t\t<span class=\"btn-icon\">\n\t\t\t\t\t\t\t<i aria-hidden=\"true\" class=\"fas fa-sign-out-alt\"><\/i>\t\t\t\t\t\t<\/span>\n\t\t\t\t\t\t\t\t\t<\/a>\n\t\t\t\t\t\t\t<\/div>\n\t\t\t\t<\/div>\n\t\t\t\t\t<\/div>\n\t\t<\/div>\n\t\t\t\t\t<\/div>\n\t\t<\/section>\n\t\t\t\t\t<\/div>\n\t\t<\/div>\n\t\t\t\t\t<\/div>\n\t\t<\/section>\n\t\t\t\t<section class=\"elementor-section elementor-top-section elementor-element elementor-element-74accf0e elementor-section-full_width elementor-section-stretched elementor-section-height-default elementor-section-height-default\" data-id=\"74accf0e\" data-element_type=\"section\" data-e-type=\"section\" data-settings=\"{&quot;stretch_section&quot;:&quot;section-stretched&quot;}\">\n\t\t\t\t\t\t<div class=\"elementor-container elementor-column-gap-no\">\n\t\t\t\t\t<div class=\"elementor-column elementor-col-100 elementor-top-column elementor-element elementor-element-29631e85\" data-id=\"29631e85\" data-element_type=\"column\" data-e-type=\"column\">\n\t\t\t<div class=\"elementor-widget-wrap elementor-element-populated\">\n\t\t\t\t\t\t<div class=\"elementor-element elementor-element-30efd4f elementor-arrows-position-outside elementor-pagination-position-outside elementor-widget elementor-widget-image-carousel\" data-id=\"30efd4f\" data-element_type=\"widget\" data-e-type=\"widget\" data-settings=\"{&quot;slides_to_show&quot;:&quot;2&quot;,&quot;autoplay&quot;:&quot;no&quot;,&quot;infinite&quot;:&quot;no&quot;,&quot;image_spacing_custom&quot;:{&quot;unit&quot;:&quot;px&quot;,&quot;size&quot;:40,&quot;sizes&quot;:[]},&quot;navigation&quot;:&quot;both&quot;,&quot;speed&quot;:500,&quot;image_spacing_custom_tablet&quot;:{&quot;unit&quot;:&quot;px&quot;,&quot;size&quot;:&quot;&quot;,&quot;sizes&quot;:[]},&quot;image_spacing_custom_mobile&quot;:{&quot;unit&quot;:&quot;px&quot;,&quot;size&quot;:&quot;&quot;,&quot;sizes&quot;:[]}}\" data-widget_type=\"image-carousel.default\">\n\t\t\t\t<div class=\"elementor-widget-container\">\n\t\t\t\t\t\t\t<div class=\"elementor-image-carousel-wrapper swiper\" role=\"region\" aria-roledescription=\"carousel\" aria-label=\"Resim D\u00f6ng\u00fcs\u00fc\" dir=\"ltr\">\n\t\t\t<div class=\"elementor-image-carousel swiper-wrapper\" aria-live=\"polite\">\n\t\t\t\t\t\t\t\t<div class=\"swiper-slide\" role=\"group\" aria-roledescription=\"slide\" aria-label=\"1 of 3\"><a data-elementor-open-lightbox=\"yes\" data-elementor-lightbox-slideshow=\"30efd4f\" data-elementor-lightbox-title=\"Norde Toprak Kanepe\" data-e-action-hash=\"#elementor-action%3Aaction%3Dlightbox%26settings%3DeyJpZCI6MzY1NzcsInVybCI6Imh0dHBzOlwvXC93d3cubm9yZGUuY29tLnRyXC93cC1jb250ZW50XC91cGxvYWRzXC8yMDI2XC8wM1wvTm9yZGUtVG9wcmFrLUthbmVwZS5qcGciLCJzbGlkZXNob3ciOiIzMGVmZDRmIn0%3D\" href=\"https:\/\/www.norde.com.tr\/wp-content\/uploads\/2026\/03\/Norde-Toprak-Kanepe.jpg\"><figure class=\"swiper-slide-inner\"><img decoding=\"async\" class=\"swiper-slide-image\" src=\"https:\/\/www.norde.com.tr\/wp-content\/uploads\/2026\/03\/Norde-Toprak-Kanepe.jpg\" alt=\"Norde Toprak Kanepe\" \/><\/figure><\/a><\/div><div class=\"swiper-slide\" role=\"group\" aria-roledescription=\"slide\" aria-label=\"2 of 3\"><a data-elementor-open-lightbox=\"yes\" data-elementor-lightbox-slideshow=\"30efd4f\" data-elementor-lightbox-title=\"Norde Toprak Kanepe-2\" data-e-action-hash=\"#elementor-action%3Aaction%3Dlightbox%26settings%3DeyJpZCI6MzY1NzksInVybCI6Imh0dHBzOlwvXC93d3cubm9yZGUuY29tLnRyXC93cC1jb250ZW50XC91cGxvYWRzXC8yMDI2XC8wM1wvTm9yZGUtVG9wcmFrLUthbmVwZS0yLmpwZyIsInNsaWRlc2hvdyI6IjMwZWZkNGYifQ%3D%3D\" href=\"https:\/\/www.norde.com.tr\/wp-content\/uploads\/2026\/03\/Norde-Toprak-Kanepe-2.jpg\"><figure class=\"swiper-slide-inner\"><img decoding=\"async\" class=\"swiper-slide-image\" src=\"https:\/\/www.norde.com.tr\/wp-content\/uploads\/2026\/03\/Norde-Toprak-Kanepe-2.jpg\" alt=\"Norde Toprak Kanepe-2\" \/><\/figure><\/a><\/div><div class=\"swiper-slide\" role=\"group\" aria-roledescription=\"slide\" aria-label=\"3 of 3\"><a data-elementor-open-lightbox=\"yes\" data-elementor-lightbox-slideshow=\"30efd4f\" data-elementor-lightbox-title=\"Norde Toprak Kanepe-3\" data-e-action-hash=\"#elementor-action%3Aaction%3Dlightbox%26settings%3DeyJpZCI6MzY1ODEsInVybCI6Imh0dHBzOlwvXC93d3cubm9yZGUuY29tLnRyXC93cC1jb250ZW50XC91cGxvYWRzXC8yMDI2XC8wM1wvTm9yZGUtVG9wcmFrLUthbmVwZS0zLmpwZyIsInNsaWRlc2hvdyI6IjMwZWZkNGYifQ%3D%3D\" href=\"https:\/\/www.norde.com.tr\/wp-content\/uploads\/2026\/03\/Norde-Toprak-Kanepe-3.jpg\"><figure class=\"swiper-slide-inner\"><img decoding=\"async\" class=\"swiper-slide-image\" src=\"https:\/\/www.norde.com.tr\/wp-content\/uploads\/2026\/03\/Norde-Toprak-Kanepe-3.jpg\" alt=\"Norde Toprak Kanepe-3\" \/><\/figure><\/a><\/div>\t\t\t<\/div>\n\t\t\t\t\t\t\t\t\t\t\t\t<div class=\"elementor-swiper-button elementor-swiper-button-prev\" role=\"button\" tabindex=\"0\">\n\t\t\t\t\t\t<i aria-hidden=\"true\" class=\"eicon-chevron-left\"><\/i>\t\t\t\t\t<\/div>\n\t\t\t\t\t<div class=\"elementor-swiper-button elementor-swiper-button-next\" role=\"button\" tabindex=\"0\">\n\t\t\t\t\t\t<i aria-hidden=\"true\" class=\"eicon-chevron-right\"><\/i>\t\t\t\t\t<\/div>\n\t\t\t\t\n\t\t\t\t\t\t\t\t\t<div class=\"swiper-pagination\"><\/div>\n\t\t\t\t\t\t\t\t\t<\/div>\n\t\t\t\t\t\t<\/div>\n\t\t\t\t<\/div>\n\t\t\t\t\t<\/div>\n\t\t<\/div>\n\t\t\t\t\t<\/div>\n\t\t<\/section>\n\t\t\t\t<section class=\"elementor-section elementor-top-section elementor-element elementor-element-2d5c8c6c elementor-section-full_width elementor-section-height-default elementor-section-height-default\" data-id=\"2d5c8c6c\" data-element_type=\"section\" data-e-type=\"section\">\n\t\t\t\t\t\t<div class=\"elementor-container elementor-column-gap-default\">\n\t\t\t\t\t<div class=\"elementor-column elementor-col-50 elementor-top-column elementor-element elementor-element-5f216dd7\" data-id=\"5f216dd7\" data-element_type=\"column\" data-e-type=\"column\">\n\t\t\t<div class=\"elementor-widget-wrap elementor-element-populated\">\n\t\t\t\t\t\t<div class=\"elementor-element elementor-element-f9c7e11 elementor-widget elementor-widget-hub_fancy_heading\" data-id=\"f9c7e11\" data-element_type=\"widget\" data-e-type=\"widget\" data-widget_type=\"hub_fancy_heading.default\">\n\t\t\t\t<div class=\"elementor-widget-container\">\n\t\t\t\t\t\n\t\t<div id=\"ld-fancy-heading-6a04896095ab4\" class=\"ld-fancy-heading pos-rel\">\n\t\t\t\t\t<\/div>\n\n\t\t\t\t\t\t<\/div>\n\t\t\t\t<\/div>\n\t\t\t\t<div class=\"elementor-element elementor-element-35543c5e elementor-widget-divider--view-line elementor-widget elementor-widget-divider\" data-id=\"35543c5e\" data-element_type=\"widget\" data-e-type=\"widget\" data-widget_type=\"divider.default\">\n\t\t\t\t<div class=\"elementor-widget-container\">\n\t\t\t\t\t\t\t<div class=\"elementor-divider\">\n\t\t\t<span class=\"elementor-divider-separator\">\n\t\t\t\t\t\t<\/span>\n\t\t<\/div>\n\t\t\t\t\t\t<\/div>\n\t\t\t\t<\/div>\n\t\t\t\t<section class=\"elementor-section elementor-inner-section elementor-element elementor-element-3265217f elementor-section-boxed elementor-section-height-default elementor-section-height-default\" data-id=\"3265217f\" data-element_type=\"section\" data-e-type=\"section\">\n\t\t\t\t\t\t<div class=\"elementor-container elementor-column-gap-default\">\n\t\t\t\t\t<div class=\"elementor-column elementor-col-50 elementor-inner-column elementor-element elementor-element-5b46f654\" data-id=\"5b46f654\" data-element_type=\"column\" data-e-type=\"column\">\n\t\t\t<div class=\"elementor-widget-wrap elementor-element-populated\">\n\t\t\t\t\t\t<div class=\"elementor-element elementor-element-61834377 elementor-widget elementor-widget-ld_button\" data-id=\"61834377\" data-element_type=\"widget\" data-e-type=\"widget\" data-widget_type=\"ld_button.default\">\n\t\t\t\t<div class=\"elementor-widget-container\">\n\t\t\t\t\t\n\t\t\t<a\n\t\t\t\thref=\"https:\/\/norde.com.tr\/dwg-folder\/norde-toprak-corner-sofa.dwg\"class=\"elementor-button btn btn-solid btn-xsm btn-icon-shaped btn-has-label\"\t\t\t>\n\t\t\t\t\t\t\t\t\t<span data-text=\"Autocad\" class=\"btn-txt\">\n\t\t\t\t\t\tAutocad\t\t\t\t\t<\/span>\n\t\t\t\t\t\t\t\t\t\t\t<\/a>\n\t\t\t\t\t\t\t<\/div>\n\t\t\t\t<\/div>\n\t\t\t\t\t<\/div>\n\t\t<\/div>\n\t\t\t\t<div class=\"elementor-column elementor-col-50 elementor-inner-column elementor-element elementor-element-323ef923\" data-id=\"323ef923\" data-element_type=\"column\" data-e-type=\"column\">\n\t\t\t<div class=\"elementor-widget-wrap\">\n\t\t\t\t\t\t\t<\/div>\n\t\t<\/div>\n\t\t\t\t\t<\/div>\n\t\t<\/section>\n\t\t\t\t\t<\/div>\n\t\t<\/div>\n\t\t\t\t<div class=\"elementor-column elementor-col-50 elementor-top-column elementor-element elementor-element-3b1cc9b9\" data-id=\"3b1cc9b9\" data-element_type=\"column\" data-e-type=\"column\">\n\t\t\t<div class=\"elementor-widget-wrap elementor-element-populated\">\n\t\t\t\t\t\t<div class=\"elementor-element elementor-element-5488a2f5 elementor-widget elementor-widget-ld_fancy_image\" data-id=\"5488a2f5\" data-element_type=\"widget\" data-e-type=\"widget\" data-widget_type=\"ld_fancy_image.default\">\n\t\t\t\t<div class=\"elementor-widget-container\">\n\t\t\t\t\t\n\t\t<div class=\"lqd-imggrp-single d-block pos-rel \">\n\t\t\t<div class=\"lqd-imggrp-img-container d-inline-flex pos-rel align-items-center justify-content-center \">\n\t\t\t\t\t\t\t\t<figure class=\"w-100 pos-rel\">\n\t\t\t\t\t<img fetchpriority=\"high\" decoding=\"async\" width=\"1600\" height=\"675\" src=\"https:\/\/www.norde.com.tr\/wp-content\/uploads\/2026\/03\/Norde-Toprak-Kanepe.jpg\" class=\"attachment-full size-full wp-image-36578\" alt=\"\" srcset=\"https:\/\/www.norde.com.tr\/wp-content\/uploads\/2026\/03\/Norde-Toprak-Kanepe.jpg 1600w, https:\/\/www.norde.com.tr\/wp-content\/uploads\/2026\/03\/Norde-Toprak-Kanepe-800x338.jpg 800w, https:\/\/www.norde.com.tr\/wp-content\/uploads\/2026\/03\/Norde-Toprak-Kanepe-1400x591.jpg 1400w, https:\/\/www.norde.com.tr\/wp-content\/uploads\/2026\/03\/Norde-Toprak-Kanepe-1536x648.jpg 1536w\" sizes=\"(max-width: 1600px) 100vw, 1600px\" itemprop=\"image\" \/>\t\t\t\t\t\t\t\t\t\t\t\t\t\t\t\t\t\t\t\t\t\t\t\t\t\t\t\t\t<\/figure>\n\t\t\t<\/div>\n\t\t<\/div>\n\n\t\t\t\t\t<\/div>\n\t\t\t\t<\/div>\n\t\t\t\t\t<\/div>\n\t\t<\/div>\n\t\t\t\t\t<\/div>\n\t\t<\/section>\n\t\t\t\t<\/div>\n\t\t","protected":false},"excerpt":{"rendered":"<p>TOPRAK CORNER SOFA TOPRAK CORNER SOFA CORNER SOFAS Technical Specification Autocad<\/p>\n","protected":false},"author":1,"featured_media":36578,"parent":5003,"menu_order":0,"comment_status":"closed","ping_status":"closed","template":"","meta":{"footnotes":""},"class_list":["post-36848","page","type-page","status-publish","has-post-thumbnail","hentry"],"yoast_head":"<!-- This site is optimized with the Yoast SEO Premium plugin v27.5 (Yoast SEO v27.6) - https:\/\/yoast.com\/product\/yoast-seo-premium-wordpress\/ -->\n<title>TOPRAK CORNER SOFA &#8211; Norde<\/title>\n<meta name=\"description\" content=\"Each single precision made TOPRAK CORNER SOFA is a journey of discovery and exploration for innovative and timeless design to meet you.\" \/>\n<meta name=\"robots\" content=\"index, follow, max-snippet:-1, max-image-preview:large, max-video-preview:-1\" \/>\n<link rel=\"canonical\" href=\"https:\/\/www.norde.com.tr\/urunler\/kose-kanepeler\/toprak-kose-kanepe\/\" \/>\n<meta property=\"og:locale\" content=\"en_US\" \/>\n<meta property=\"og:type\" content=\"article\" \/>\n<meta property=\"og:title\" content=\"TOPRAK CORNER SOFA\" \/>\n<meta property=\"og:description\" content=\"Each single precision made TOPRAK CORNER SOFA is a journey of discovery and exploration for innovative and timeless design to meet you.\" \/>\n<meta property=\"og:url\" content=\"https:\/\/www.norde.com.tr\/urunler\/kose-kanepeler\/toprak-kose-kanepe\/\" \/>\n<meta property=\"og:site_name\" content=\"Norde\" \/>\n<meta property=\"article:publisher\" content=\"https:\/\/www.facebook.com\/nordefurniture\" \/>\n<meta property=\"article:modified_time\" content=\"2026-05-08T12:16:56+00:00\" \/>\n<meta property=\"og:image\" content=\"https:\/\/www.norde.com.tr\/wp-content\/uploads\/2026\/03\/Norde-Toprak-Kanepe.jpg\" \/>\n\t<meta property=\"og:image:width\" content=\"1600\" \/>\n\t<meta property=\"og:image:height\" content=\"675\" \/>\n\t<meta property=\"og:image:type\" content=\"image\/jpeg\" \/>\n<meta name=\"twitter:card\" content=\"summary_large_image\" \/>\n<script type=\"application\/ld+json\" class=\"yoast-schema-graph\">{\"@context\":\"https:\\\/\\\/schema.org\",\"@graph\":[{\"@type\":\"WebPage\",\"@id\":\"https:\\\/\\\/www.norde.com.tr\\\/urunler\\\/kose-kanepeler\\\/toprak-kose-kanepe\\\/\",\"url\":\"https:\\\/\\\/www.norde.com.tr\\\/urunler\\\/kose-kanepeler\\\/toprak-kose-kanepe\\\/\",\"name\":\"TOPRAK CORNER SOFA &#8211; Norde\",\"isPartOf\":{\"@id\":\"https:\\\/\\\/www.norde.com.tr\\\/#website\"},\"primaryImageOfPage\":{\"@id\":\"https:\\\/\\\/www.norde.com.tr\\\/urunler\\\/kose-kanepeler\\\/toprak-kose-kanepe\\\/#primaryimage\"},\"image\":{\"@id\":\"https:\\\/\\\/www.norde.com.tr\\\/urunler\\\/kose-kanepeler\\\/toprak-kose-kanepe\\\/#primaryimage\"},\"thumbnailUrl\":\"https:\\\/\\\/www.norde.com.tr\\\/wp-content\\\/uploads\\\/2026\\\/03\\\/Norde-Toprak-Kanepe.jpg\",\"datePublished\":\"2026-04-21T10:46:09+00:00\",\"dateModified\":\"2026-05-08T12:16:56+00:00\",\"description\":\"Each single precision made TOPRAK CORNER SOFA is a journey of discovery and exploration for innovative and timeless design to meet you.\",\"breadcrumb\":{\"@id\":\"https:\\\/\\\/www.norde.com.tr\\\/urunler\\\/kose-kanepeler\\\/toprak-kose-kanepe\\\/#breadcrumb\"},\"inLanguage\":\"en-US\",\"potentialAction\":[{\"@type\":\"ReadAction\",\"target\":[\"https:\\\/\\\/www.norde.com.tr\\\/urunler\\\/kose-kanepeler\\\/toprak-kose-kanepe\\\/\"]}]},{\"@type\":\"ImageObject\",\"inLanguage\":\"en-US\",\"@id\":\"https:\\\/\\\/www.norde.com.tr\\\/urunler\\\/kose-kanepeler\\\/toprak-kose-kanepe\\\/#primaryimage\",\"url\":\"https:\\\/\\\/www.norde.com.tr\\\/wp-content\\\/uploads\\\/2026\\\/03\\\/Norde-Toprak-Kanepe.jpg\",\"contentUrl\":\"https:\\\/\\\/www.norde.com.tr\\\/wp-content\\\/uploads\\\/2026\\\/03\\\/Norde-Toprak-Kanepe.jpg\",\"width\":1600,\"height\":675},{\"@type\":\"BreadcrumbList\",\"@id\":\"https:\\\/\\\/www.norde.com.tr\\\/urunler\\\/kose-kanepeler\\\/toprak-kose-kanepe\\\/#breadcrumb\",\"itemListElement\":[{\"@type\":\"ListItem\",\"position\":1,\"name\":\"Home\",\"item\":\"https:\\\/\\\/www.norde.com.tr\\\/en\\\/\"},{\"@type\":\"ListItem\",\"position\":2,\"name\":\"Products\",\"item\":\"https:\\\/\\\/www.norde.com.tr\\\/en\\\/products\\\/\"},{\"@type\":\"ListItem\",\"position\":3,\"name\":\"Corner Sofas\",\"item\":\"https:\\\/\\\/www.norde.com.tr\\\/en\\\/products\\\/corner-sofas\\\/\"},{\"@type\":\"ListItem\",\"position\":4,\"name\":\"TOPRAK CORNER SOFA\"}]},{\"@type\":\"WebSite\",\"@id\":\"https:\\\/\\\/www.norde.com.tr\\\/#website\",\"url\":\"https:\\\/\\\/www.norde.com.tr\\\/\",\"name\":\"Norde\",\"description\":\"\u00d6zenle \u00dcretilen Estetik Mobilyalar\",\"publisher\":{\"@id\":\"https:\\\/\\\/www.norde.com.tr\\\/#organization\"},\"potentialAction\":[{\"@type\":\"SearchAction\",\"target\":{\"@type\":\"EntryPoint\",\"urlTemplate\":\"https:\\\/\\\/www.norde.com.tr\\\/?s={search_term_string}\"},\"query-input\":{\"@type\":\"PropertyValueSpecification\",\"valueRequired\":true,\"valueName\":\"search_term_string\"}}],\"inLanguage\":\"en-US\"},{\"@type\":\"Organization\",\"@id\":\"https:\\\/\\\/www.norde.com.tr\\\/#organization\",\"name\":\"Norde\",\"url\":\"https:\\\/\\\/www.norde.com.tr\\\/\",\"logo\":{\"@type\":\"ImageObject\",\"inLanguage\":\"en-US\",\"@id\":\"https:\\\/\\\/www.norde.com.tr\\\/#\\\/schema\\\/logo\\\/image\\\/\",\"url\":\"\",\"contentUrl\":\"\",\"caption\":\"Norde\"},\"image\":{\"@id\":\"https:\\\/\\\/www.norde.com.tr\\\/#\\\/schema\\\/logo\\\/image\\\/\"},\"sameAs\":[\"https:\\\/\\\/www.facebook.com\\\/nordefurniture\"]}]}<\/script>\n<!-- \/ Yoast SEO Premium plugin. -->","yoast_head_json":{"title":"TOPRAK CORNER SOFA &#8211; Norde","description":"Each single precision made TOPRAK CORNER SOFA is a journey of discovery and exploration for innovative and timeless design to meet you.","robots":{"index":"index","follow":"follow","max-snippet":"max-snippet:-1","max-image-preview":"max-image-preview:large","max-video-preview":"max-video-preview:-1"},"canonical":"https:\/\/www.norde.com.tr\/urunler\/kose-kanepeler\/toprak-kose-kanepe\/","og_locale":"en_US","og_type":"article","og_title":"TOPRAK CORNER SOFA","og_description":"Each single precision made TOPRAK CORNER SOFA is a journey of discovery and exploration for innovative and timeless design to meet you.","og_url":"https:\/\/www.norde.com.tr\/urunler\/kose-kanepeler\/toprak-kose-kanepe\/","og_site_name":"Norde","article_publisher":"https:\/\/www.facebook.com\/nordefurniture","article_modified_time":"2026-05-08T12:16:56+00:00","og_image":[{"width":1600,"height":675,"url":"https:\/\/www.norde.com.tr\/wp-content\/uploads\/2026\/03\/Norde-Toprak-Kanepe.jpg","type":"image\/jpeg"}],"twitter_card":"summary_large_image","schema":{"@context":"https:\/\/schema.org","@graph":[{"@type":"WebPage","@id":"https:\/\/www.norde.com.tr\/urunler\/kose-kanepeler\/toprak-kose-kanepe\/","url":"https:\/\/www.norde.com.tr\/urunler\/kose-kanepeler\/toprak-kose-kanepe\/","name":"TOPRAK CORNER SOFA &#8211; Norde","isPartOf":{"@id":"https:\/\/www.norde.com.tr\/#website"},"primaryImageOfPage":{"@id":"https:\/\/www.norde.com.tr\/urunler\/kose-kanepeler\/toprak-kose-kanepe\/#primaryimage"},"image":{"@id":"https:\/\/www.norde.com.tr\/urunler\/kose-kanepeler\/toprak-kose-kanepe\/#primaryimage"},"thumbnailUrl":"https:\/\/www.norde.com.tr\/wp-content\/uploads\/2026\/03\/Norde-Toprak-Kanepe.jpg","datePublished":"2026-04-21T10:46:09+00:00","dateModified":"2026-05-08T12:16:56+00:00","description":"Each single precision made TOPRAK CORNER SOFA is a journey of discovery and exploration for innovative and timeless design to meet you.","breadcrumb":{"@id":"https:\/\/www.norde.com.tr\/urunler\/kose-kanepeler\/toprak-kose-kanepe\/#breadcrumb"},"inLanguage":"en-US","potentialAction":[{"@type":"ReadAction","target":["https:\/\/www.norde.com.tr\/urunler\/kose-kanepeler\/toprak-kose-kanepe\/"]}]},{"@type":"ImageObject","inLanguage":"en-US","@id":"https:\/\/www.norde.com.tr\/urunler\/kose-kanepeler\/toprak-kose-kanepe\/#primaryimage","url":"https:\/\/www.norde.com.tr\/wp-content\/uploads\/2026\/03\/Norde-Toprak-Kanepe.jpg","contentUrl":"https:\/\/www.norde.com.tr\/wp-content\/uploads\/2026\/03\/Norde-Toprak-Kanepe.jpg","width":1600,"height":675},{"@type":"BreadcrumbList","@id":"https:\/\/www.norde.com.tr\/urunler\/kose-kanepeler\/toprak-kose-kanepe\/#breadcrumb","itemListElement":[{"@type":"ListItem","position":1,"name":"Home","item":"https:\/\/www.norde.com.tr\/en\/"},{"@type":"ListItem","position":2,"name":"Products","item":"https:\/\/www.norde.com.tr\/en\/products\/"},{"@type":"ListItem","position":3,"name":"Corner Sofas","item":"https:\/\/www.norde.com.tr\/en\/products\/corner-sofas\/"},{"@type":"ListItem","position":4,"name":"TOPRAK CORNER SOFA"}]},{"@type":"WebSite","@id":"https:\/\/www.norde.com.tr\/#website","url":"https:\/\/www.norde.com.tr\/","name":"Norde","description":"\u00d6zenle \u00dcretilen Estetik Mobilyalar","publisher":{"@id":"https:\/\/www.norde.com.tr\/#organization"},"potentialAction":[{"@type":"SearchAction","target":{"@type":"EntryPoint","urlTemplate":"https:\/\/www.norde.com.tr\/?s={search_term_string}"},"query-input":{"@type":"PropertyValueSpecification","valueRequired":true,"valueName":"search_term_string"}}],"inLanguage":"en-US"},{"@type":"Organization","@id":"https:\/\/www.norde.com.tr\/#organization","name":"Norde","url":"https:\/\/www.norde.com.tr\/","logo":{"@type":"ImageObject","inLanguage":"en-US","@id":"https:\/\/www.norde.com.tr\/#\/schema\/logo\/image\/","url":"","contentUrl":"","caption":"Norde"},"image":{"@id":"https:\/\/www.norde.com.tr\/#\/schema\/logo\/image\/"},"sameAs":["https:\/\/www.facebook.com\/nordefurniture"]}]}},"_links":{"self":[{"href":"https:\/\/www.norde.com.tr\/en\/wp-json\/wp\/v2\/pages\/36848","targetHints":{"allow":["GET"]}}],"collection":[{"href":"https:\/\/www.norde.com.tr\/en\/wp-json\/wp\/v2\/pages"}],"about":[{"href":"https:\/\/www.norde.com.tr\/en\/wp-json\/wp\/v2\/types\/page"}],"author":[{"embeddable":true,"href":"https:\/\/www.norde.com.tr\/en\/wp-json\/wp\/v2\/users\/1"}],"replies":[{"embeddable":true,"href":"https:\/\/www.norde.com.tr\/en\/wp-json\/wp\/v2\/comments?post=36848"}],"version-history":[{"count":8,"href":"https:\/\/www.norde.com.tr\/en\/wp-json\/wp\/v2\/pages\/36848\/revisions"}],"predecessor-version":[{"id":37326,"href":"https:\/\/www.norde.com.tr\/en\/wp-json\/wp\/v2\/pages\/36848\/revisions\/37326"}],"up":[{"embeddable":true,"href":"https:\/\/www.norde.com.tr\/en\/wp-json\/wp\/v2\/pages\/5003"}],"wp:featuredmedia":[{"embeddable":true,"href":"https:\/\/www.norde.com.tr\/en\/wp-json\/wp\/v2\/media\/36578"}],"wp:attachment":[{"href":"https:\/\/www.norde.com.tr\/en\/wp-json\/wp\/v2\/media?parent=36848"}],"curies":[{"name":"wp","href":"https:\/\/api.w.org\/{rel}","templated":true}]}}