{"id":4276,"date":"2020-04-24T15:27:23","date_gmt":"2020-04-24T12:27:23","guid":{"rendered":"http:\/\/www.norde.com.tr\/?page_id=4276"},"modified":"2020-04-24T15:27:25","modified_gmt":"2020-04-24T12:27:25","slug":"serano","status":"publish","type":"page","link":"https:\/\/www.norde.com.tr\/en\/products\/outdoor\/serano\/","title":{"rendered":"SERANO"},"content":{"rendered":"\n[row style=&#8221;small&#8221;]\n\n[col span=&#8221;3&#8243; span__sm=&#8221;12&#8243;]\n\n[ux_sidebar id=&#8221;urun-menu&#8221;]\n\n[ux_sidebar id=&#8221;product-sidebar&#8221;]\n\n\n[\/col]\n[col span=&#8221;9&#8243; span__sm=&#8221;12&#8243; divider=&#8221;0&#8243;]\n\n[section padding=&#8221;0px&#8221;]\n\n[ux_slider hide_nav=&#8221;true&#8221; nav_color=&#8221;dark&#8221;]\n\n[ux_image id=&#8221;4261&#8243;]\n\n[ux_image id=&#8221;4263&#8243;]\n\n[ux_image id=&#8221;4265&#8243;]\n\n\n[\/ux_slider]\n[title text=&#8221;SERANO&#8221; tag_name=&#8221;h1&#8243; margin_bottom=&#8221;0px&#8221;]\n\n<p><strong>\u00d6l\u00e7\u00fc:<\/strong> <\/p>\n\n[\/section]\n\n[\/col]\n\n[\/row]\n<p>\n","protected":false},"excerpt":{"rendered":"<p>[row style=&#8221;small&#8221;] [col span=&#8221;3&#8243; span__sm=&#8221;12&#8243;] [ux_sidebar id=&#8221;urun-menu&#8221;] [ux_sidebar id=&#8221;product-sidebar&#8221;] [\/col] [col span=&#8221;9&#8243; span__sm=&#8221;12&#8243; divider=&#8221;0&#8243;] [section padding=&#8221;0px&#8221;] [ux_slider hide_nav=&#8221;true&#8221; nav_color=&#8221;dark&#8221;] [ux_image id=&#8221;4261&#8243;] [ux_image id=&#8221;4263&#8243;] [ux_image id=&#8221;4265&#8243;] [\/ux_slider] [title text=&#8221;SERANO&#8221; tag_name=&#8221;h1&#8243; margin_bottom=&#8221;0px&#8221;] \u00d6l\u00e7\u00fc: [\/section] [\/col] [\/row]<\/p>\n","protected":false},"author":1,"featured_media":4262,"parent":1097,"menu_order":0,"comment_status":"closed","ping_status":"closed","template":"","meta":{"footnotes":""},"class_list":["post-4276","page","type-page","status-publish","has-post-thumbnail","hentry"],"yoast_head":"<!-- This site is optimized with the Yoast SEO Premium plugin v27.5 (Yoast SEO v27.6) - https:\/\/yoast.com\/product\/yoast-seo-premium-wordpress\/ -->\n<title>SERANO &#8211; Norde<\/title>\n<meta name=\"robots\" content=\"index, follow, max-snippet:-1, max-image-preview:large, max-video-preview:-1\" \/>\n<link rel=\"canonical\" href=\"https:\/\/www.norde.com.tr\/en\/products\/outdoor\/serano\/\" \/>\n<meta property=\"og:locale\" content=\"en_US\" \/>\n<meta property=\"og:type\" content=\"article\" \/>\n<meta property=\"og:title\" content=\"SERANO\" \/>\n<meta property=\"og:description\" content=\"[row style=&#8221;small&#8221;] [col span=&#8221;3&#8243; span__sm=&#8221;12&#8243;] [ux_sidebar id=&#8221;urun-menu&#8221;] [ux_sidebar id=&#8221;product-sidebar&#8221;] [\/col] [col span=&#8221;9&#8243; span__sm=&#8221;12&#8243; divider=&#8221;0&#8243;] [section padding=&#8221;0px&#8221;] [ux_slider hide_nav=&#8221;true&#8221; nav_color=&#8221;dark&#8221;] [ux_image id=&#8221;4261&#8243;] [ux_image id=&#8221;4263&#8243;] [ux_image id=&#8221;4265&#8243;] [\/ux_slider] [title text=&#8221;SERANO&#8221; tag_name=&#8221;h1&#8243; margin_bottom=&#8221;0px&#8221;] \u00d6l\u00e7\u00fc: [\/section] [\/col] [\/row]\" \/>\n<meta property=\"og:url\" content=\"https:\/\/www.norde.com.tr\/en\/products\/outdoor\/serano\/\" \/>\n<meta property=\"og:site_name\" content=\"Norde\" \/>\n<meta property=\"article:publisher\" content=\"https:\/\/www.facebook.com\/nordefurniture\" \/>\n<meta property=\"article:modified_time\" content=\"2020-04-24T12:27:25+00:00\" \/>\n<meta property=\"og:image\" content=\"https:\/\/www.norde.com.tr\/wp-content\/uploads\/2020\/04\/serano.jpg\" \/>\n\t<meta property=\"og:image:width\" content=\"1600\" \/>\n\t<meta property=\"og:image:height\" content=\"675\" \/>\n\t<meta property=\"og:image:type\" content=\"image\/jpeg\" \/>\n<meta name=\"twitter:card\" content=\"summary_large_image\" \/>\n<script type=\"application\/ld+json\" class=\"yoast-schema-graph\">{\"@context\":\"https:\\\/\\\/schema.org\",\"@graph\":[{\"@type\":\"WebPage\",\"@id\":\"https:\\\/\\\/www.norde.com.tr\\\/en\\\/products\\\/outdoor\\\/serano\\\/\",\"url\":\"https:\\\/\\\/www.norde.com.tr\\\/en\\\/products\\\/outdoor\\\/serano\\\/\",\"name\":\"SERANO &#8211; Norde\",\"isPartOf\":{\"@id\":\"https:\\\/\\\/www.norde.com.tr\\\/#website\"},\"primaryImageOfPage\":{\"@id\":\"https:\\\/\\\/www.norde.com.tr\\\/en\\\/products\\\/outdoor\\\/serano\\\/#primaryimage\"},\"image\":{\"@id\":\"https:\\\/\\\/www.norde.com.tr\\\/en\\\/products\\\/outdoor\\\/serano\\\/#primaryimage\"},\"thumbnailUrl\":\"https:\\\/\\\/www.norde.com.tr\\\/wp-content\\\/uploads\\\/2020\\\/04\\\/serano.jpg\",\"datePublished\":\"2020-04-24T12:27:23+00:00\",\"dateModified\":\"2020-04-24T12:27:25+00:00\",\"breadcrumb\":{\"@id\":\"https:\\\/\\\/www.norde.com.tr\\\/en\\\/products\\\/outdoor\\\/serano\\\/#breadcrumb\"},\"inLanguage\":\"en-US\",\"potentialAction\":[{\"@type\":\"ReadAction\",\"target\":[\"https:\\\/\\\/www.norde.com.tr\\\/en\\\/products\\\/outdoor\\\/serano\\\/\"]}]},{\"@type\":\"ImageObject\",\"inLanguage\":\"en-US\",\"@id\":\"https:\\\/\\\/www.norde.com.tr\\\/en\\\/products\\\/outdoor\\\/serano\\\/#primaryimage\",\"url\":\"https:\\\/\\\/www.norde.com.tr\\\/wp-content\\\/uploads\\\/2020\\\/04\\\/serano.jpg\",\"contentUrl\":\"https:\\\/\\\/www.norde.com.tr\\\/wp-content\\\/uploads\\\/2020\\\/04\\\/serano.jpg\",\"width\":1600,\"height\":675},{\"@type\":\"BreadcrumbList\",\"@id\":\"https:\\\/\\\/www.norde.com.tr\\\/en\\\/products\\\/outdoor\\\/serano\\\/#breadcrumb\",\"itemListElement\":[{\"@type\":\"ListItem\",\"position\":1,\"name\":\"Home\",\"item\":\"https:\\\/\\\/www.norde.com.tr\\\/en\\\/\"},{\"@type\":\"ListItem\",\"position\":2,\"name\":\"Products\",\"item\":\"https:\\\/\\\/www.norde.com.tr\\\/en\\\/products\\\/\"},{\"@type\":\"ListItem\",\"position\":3,\"name\":\"Outdoor\",\"item\":\"https:\\\/\\\/www.norde.com.tr\\\/urunler\\\/outdoor\\\/\"},{\"@type\":\"ListItem\",\"position\":4,\"name\":\"SERANO\"}]},{\"@type\":\"WebSite\",\"@id\":\"https:\\\/\\\/www.norde.com.tr\\\/#website\",\"url\":\"https:\\\/\\\/www.norde.com.tr\\\/\",\"name\":\"Norde\",\"description\":\"\u00d6zenle \u00dcretilen Estetik Mobilyalar\",\"publisher\":{\"@id\":\"https:\\\/\\\/www.norde.com.tr\\\/#organization\"},\"potentialAction\":[{\"@type\":\"SearchAction\",\"target\":{\"@type\":\"EntryPoint\",\"urlTemplate\":\"https:\\\/\\\/www.norde.com.tr\\\/?s={search_term_string}\"},\"query-input\":{\"@type\":\"PropertyValueSpecification\",\"valueRequired\":true,\"valueName\":\"search_term_string\"}}],\"inLanguage\":\"en-US\"},{\"@type\":\"Organization\",\"@id\":\"https:\\\/\\\/www.norde.com.tr\\\/#organization\",\"name\":\"Norde\",\"url\":\"https:\\\/\\\/www.norde.com.tr\\\/\",\"logo\":{\"@type\":\"ImageObject\",\"inLanguage\":\"en-US\",\"@id\":\"https:\\\/\\\/www.norde.com.tr\\\/#\\\/schema\\\/logo\\\/image\\\/\",\"url\":\"\",\"contentUrl\":\"\",\"caption\":\"Norde\"},\"image\":{\"@id\":\"https:\\\/\\\/www.norde.com.tr\\\/#\\\/schema\\\/logo\\\/image\\\/\"},\"sameAs\":[\"https:\\\/\\\/www.facebook.com\\\/nordefurniture\"]}]}<\/script>\n<!-- \/ Yoast SEO Premium plugin. -->","yoast_head_json":{"title":"SERANO &#8211; Norde","robots":{"index":"index","follow":"follow","max-snippet":"max-snippet:-1","max-image-preview":"max-image-preview:large","max-video-preview":"max-video-preview:-1"},"canonical":"https:\/\/www.norde.com.tr\/en\/products\/outdoor\/serano\/","og_locale":"en_US","og_type":"article","og_title":"SERANO","og_description":"[row style=&#8221;small&#8221;] [col span=&#8221;3&#8243; span__sm=&#8221;12&#8243;] [ux_sidebar id=&#8221;urun-menu&#8221;] [ux_sidebar id=&#8221;product-sidebar&#8221;] [\/col] [col span=&#8221;9&#8243; span__sm=&#8221;12&#8243; divider=&#8221;0&#8243;] [section padding=&#8221;0px&#8221;] [ux_slider hide_nav=&#8221;true&#8221; nav_color=&#8221;dark&#8221;] [ux_image id=&#8221;4261&#8243;] [ux_image id=&#8221;4263&#8243;] [ux_image id=&#8221;4265&#8243;] [\/ux_slider] [title text=&#8221;SERANO&#8221; tag_name=&#8221;h1&#8243; margin_bottom=&#8221;0px&#8221;] \u00d6l\u00e7\u00fc: [\/section] [\/col] [\/row]","og_url":"https:\/\/www.norde.com.tr\/en\/products\/outdoor\/serano\/","og_site_name":"Norde","article_publisher":"https:\/\/www.facebook.com\/nordefurniture","article_modified_time":"2020-04-24T12:27:25+00:00","og_image":[{"width":1600,"height":675,"url":"https:\/\/www.norde.com.tr\/wp-content\/uploads\/2020\/04\/serano.jpg","type":"image\/jpeg"}],"twitter_card":"summary_large_image","schema":{"@context":"https:\/\/schema.org","@graph":[{"@type":"WebPage","@id":"https:\/\/www.norde.com.tr\/en\/products\/outdoor\/serano\/","url":"https:\/\/www.norde.com.tr\/en\/products\/outdoor\/serano\/","name":"SERANO &#8211; Norde","isPartOf":{"@id":"https:\/\/www.norde.com.tr\/#website"},"primaryImageOfPage":{"@id":"https:\/\/www.norde.com.tr\/en\/products\/outdoor\/serano\/#primaryimage"},"image":{"@id":"https:\/\/www.norde.com.tr\/en\/products\/outdoor\/serano\/#primaryimage"},"thumbnailUrl":"https:\/\/www.norde.com.tr\/wp-content\/uploads\/2020\/04\/serano.jpg","datePublished":"2020-04-24T12:27:23+00:00","dateModified":"2020-04-24T12:27:25+00:00","breadcrumb":{"@id":"https:\/\/www.norde.com.tr\/en\/products\/outdoor\/serano\/#breadcrumb"},"inLanguage":"en-US","potentialAction":[{"@type":"ReadAction","target":["https:\/\/www.norde.com.tr\/en\/products\/outdoor\/serano\/"]}]},{"@type":"ImageObject","inLanguage":"en-US","@id":"https:\/\/www.norde.com.tr\/en\/products\/outdoor\/serano\/#primaryimage","url":"https:\/\/www.norde.com.tr\/wp-content\/uploads\/2020\/04\/serano.jpg","contentUrl":"https:\/\/www.norde.com.tr\/wp-content\/uploads\/2020\/04\/serano.jpg","width":1600,"height":675},{"@type":"BreadcrumbList","@id":"https:\/\/www.norde.com.tr\/en\/products\/outdoor\/serano\/#breadcrumb","itemListElement":[{"@type":"ListItem","position":1,"name":"Home","item":"https:\/\/www.norde.com.tr\/en\/"},{"@type":"ListItem","position":2,"name":"Products","item":"https:\/\/www.norde.com.tr\/en\/products\/"},{"@type":"ListItem","position":3,"name":"Outdoor","item":"https:\/\/www.norde.com.tr\/urunler\/outdoor\/"},{"@type":"ListItem","position":4,"name":"SERANO"}]},{"@type":"WebSite","@id":"https:\/\/www.norde.com.tr\/#website","url":"https:\/\/www.norde.com.tr\/","name":"Norde","description":"\u00d6zenle \u00dcretilen Estetik Mobilyalar","publisher":{"@id":"https:\/\/www.norde.com.tr\/#organization"},"potentialAction":[{"@type":"SearchAction","target":{"@type":"EntryPoint","urlTemplate":"https:\/\/www.norde.com.tr\/?s={search_term_string}"},"query-input":{"@type":"PropertyValueSpecification","valueRequired":true,"valueName":"search_term_string"}}],"inLanguage":"en-US"},{"@type":"Organization","@id":"https:\/\/www.norde.com.tr\/#organization","name":"Norde","url":"https:\/\/www.norde.com.tr\/","logo":{"@type":"ImageObject","inLanguage":"en-US","@id":"https:\/\/www.norde.com.tr\/#\/schema\/logo\/image\/","url":"","contentUrl":"","caption":"Norde"},"image":{"@id":"https:\/\/www.norde.com.tr\/#\/schema\/logo\/image\/"},"sameAs":["https:\/\/www.facebook.com\/nordefurniture"]}]}},"_links":{"self":[{"href":"https:\/\/www.norde.com.tr\/en\/wp-json\/wp\/v2\/pages\/4276","targetHints":{"allow":["GET"]}}],"collection":[{"href":"https:\/\/www.norde.com.tr\/en\/wp-json\/wp\/v2\/pages"}],"about":[{"href":"https:\/\/www.norde.com.tr\/en\/wp-json\/wp\/v2\/types\/page"}],"author":[{"embeddable":true,"href":"https:\/\/www.norde.com.tr\/en\/wp-json\/wp\/v2\/users\/1"}],"replies":[{"embeddable":true,"href":"https:\/\/www.norde.com.tr\/en\/wp-json\/wp\/v2\/comments?post=4276"}],"version-history":[{"count":1,"href":"https:\/\/www.norde.com.tr\/en\/wp-json\/wp\/v2\/pages\/4276\/revisions"}],"predecessor-version":[{"id":4282,"href":"https:\/\/www.norde.com.tr\/en\/wp-json\/wp\/v2\/pages\/4276\/revisions\/4282"}],"up":[{"embeddable":true,"href":"https:\/\/www.norde.com.tr\/en\/wp-json\/wp\/v2\/pages\/1097"}],"wp:featuredmedia":[{"embeddable":true,"href":"https:\/\/www.norde.com.tr\/en\/wp-json\/wp\/v2\/media\/4262"}],"wp:attachment":[{"href":"https:\/\/www.norde.com.tr\/en\/wp-json\/wp\/v2\/media?parent=4276"}],"curies":[{"name":"wp","href":"https:\/\/api.w.org\/{rel}","templated":true}]}}